{"id":742,"date":"2025-03-27T16:05:50","date_gmt":"2025-03-27T13:05:50","guid":{"rendered":"http:\/\/localhost\/anka_new\/?post_type=product&#038;p=742"},"modified":"2025-03-27T16:05:50","modified_gmt":"2025-03-27T13:05:50","slug":"rdr-deep-pro-dedektor","status":"publish","type":"product","link":"https:\/\/ankadedektor.com\/index.php\/urun\/rdr-deep-pro-dedektor\/","title":{"rendered":"RDR Deep Pro Dedekt\u00f6r"},"content":{"rendered":"<ul>\n<li>Y\u00fcksek Hassasiyet ve Derinlik: RDR Deep Pro Serisi, sekt\u00f6rdeki \u00fcst d\u00fczey 8 kHz VLF (Very Low Frequency) metal dedekt\u00f6r\u00fc olarak \u00f6ne \u00e7\u0131k\u0131yor. E\u015fsiz hassasiyeti sayesinde, toprak alt\u0131ndaki de\u011ferli metalleri en derin noktalardan tespit edebilirsiniz. Alt\u0131n, g\u00fcm\u00fc\u015f, bronz ve di\u011fer k\u0131ymetli metallerle dolu d\u00fcnyay\u0131 bu dedekt\u00f6rle ke\u015ffedin.<\/li>\n<li>Kullan\u0131m\u0131 Kolay ve \u0130\u015flevsel: Her seviyeden kullan\u0131c\u0131 i\u00e7in tasarlanm\u0131\u015f basit kullan\u0131m kolayl\u0131\u011f\u0131, \u00f6zellikle yeni ba\u015flayanlar i\u00e7in \u00f6zel olarak geli\u015ftirilmi\u015ftir. Ke\u015fif tutkunuzun \u00f6n\u00fcndeki hi\u00e7bir engel sizi durdurmas\u0131n.<\/li>\n<li>Sesli Ay\u0131rma Se\u00e7enekleri: RDR Deep Pro Serisi, \u00e7e\u015fitli sesli ay\u0131rma se\u00e7enekleri sunar. Metal ay\u0131rma seviyeleri, farkl\u0131 hedeflerin iletkenli\u011fini vurgular. \u00c7ift tonlama sesi mi, yoksa yaln\u0131zca metal sesi mi tercih ediyorsunuz? Sizin tarz\u0131n\u0131za uygun \u00f6zelle\u015ftirilebilir sesli ay\u0131rma se\u00e7enekleriyle ke\u015ffe \u00e7\u0131k\u0131n.<\/li>\n<li>Dayan\u0131kl\u0131 ve G\u00fcvenilir: 32 cm ayr\u0131ml\u0131 ba\u015fl\u0131k, \u00fcst d\u00fczey sabitlik ve \u00e7e\u015fitli hava ko\u015fullar\u0131na uygunlu\u011fuyla \u00f6ne \u00e7\u0131k\u0131yor. \u00c7izilmeye kar\u015f\u0131 dayan\u0131kl\u0131 koruyucu kapaklar, ba\u015fl\u0131klar\u0131n\u0131z\u0131n g\u00fcvenli\u011fini garanti alt\u0131na al\u0131r. RDR Deep Pro Serisi, dayan\u0131kl\u0131l\u0131\u011f\u0131 ve g\u00fcvenilirli\u011fiyle sizi hi\u00e7bir zaman yar\u0131 yolda b\u0131rakmaz.<\/li>\n<li>Toprak Ayar\u0131 ve Pil \u00d6mr\u00fc: Tam toprak ayar\u0131 \u00f6zelli\u011fi, size ger\u00e7ek zamanl\u0131 arazi taramas\u0131 veya manuel ayar imkan\u0131 sunar. G\u00fc\u00e7l\u00fc bataryas\u0131 ise uzun s\u00fcreli ke\u015fifleriniz i\u00e7in g\u00fcvenilir bir enerji kayna\u011f\u0131 sa\u011flar. Hi\u00e7bir \u015fey, sizi ke\u015fif tutkunuzdan al\u0131koyamaz.Not:\u00a0Yukar\u0131da bulunan bilgi ve a\u00e7\u0131klamalar \u00fcretici firma verileridir.<\/li>\n<\/ul>\n","protected":false},"excerpt":{"rendered":"<p>Y\u00fcksek Hassasiyet ve Derinlik: RDR Deep Pro Serisi, sekt\u00f6rdeki \u00fcst d\u00fczey 8 kHz VLF (Very Low Frequency) metal dedekt\u00f6r\u00fc olarak \u00f6ne \u00e7\u0131k\u0131yor. E\u015fsiz hassasiyeti sayesinde, toprak alt\u0131ndaki de\u011ferli metalleri en derin noktalardan tespit edebilirsiniz. Alt\u0131n, g\u00fcm\u00fc\u015f, bronz ve di\u011fer k\u0131ymetli metallerle dolu d\u00fcnyay\u0131 bu dedekt\u00f6rle ke\u015ffedin. Kullan\u0131m\u0131 Kolay ve \u0130\u015flevsel: Her seviyeden kullan\u0131c\u0131 i\u00e7in tasarlanm\u0131\u015f [&hellip;]<\/p>\n","protected":false},"featured_media":747,"comment_status":"open","ping_status":"closed","template":"","meta":[],"product_brand":[],"product_cat":[21,22,25,15,59],"product_tag":[],"class_list":{"0":"post-742","1":"product","2":"type-product","3":"status-publish","4":"has-post-thumbnail","6":"product_cat-all","7":"product_cat-dedektorler","8":"product_cat-define","9":"product_cat-genel","10":"product_cat-rdr","12":"first","13":"instock","14":"taxable","15":"shipping-taxable","16":"purchasable","17":"product-type-simple"},"_links":{"self":[{"href":"https:\/\/ankadedektor.com\/index.php\/wp-json\/wp\/v2\/product\/742","targetHints":{"allow":["GET"]}}],"collection":[{"href":"https:\/\/ankadedektor.com\/index.php\/wp-json\/wp\/v2\/product"}],"about":[{"href":"https:\/\/ankadedektor.com\/index.php\/wp-json\/wp\/v2\/types\/product"}],"replies":[{"embeddable":true,"href":"https:\/\/ankadedektor.com\/index.php\/wp-json\/wp\/v2\/comments?post=742"}],"wp:featuredmedia":[{"embeddable":true,"href":"https:\/\/ankadedektor.com\/index.php\/wp-json\/wp\/v2\/media\/747"}],"wp:attachment":[{"href":"https:\/\/ankadedektor.com\/index.php\/wp-json\/wp\/v2\/media?parent=742"}],"wp:term":[{"taxonomy":"product_brand","embeddable":true,"href":"https:\/\/ankadedektor.com\/index.php\/wp-json\/wp\/v2\/product_brand?post=742"},{"taxonomy":"product_cat","embeddable":true,"href":"https:\/\/ankadedektor.com\/index.php\/wp-json\/wp\/v2\/product_cat?post=742"},{"taxonomy":"product_tag","embeddable":true,"href":"https:\/\/ankadedektor.com\/index.php\/wp-json\/wp\/v2\/product_tag?post=742"}],"curies":[{"name":"wp","href":"https:\/\/api.w.org\/{rel}","templated":true}]}}