{"id":741,"date":"2025-03-27T14:30:31","date_gmt":"2025-03-27T11:30:31","guid":{"rendered":"http:\/\/localhost\/anka_new\/?post_type=product&#038;p=741"},"modified":"2025-08-05T17:50:23","modified_gmt":"2025-08-05T14:50:23","slug":"conrad-gr-3-plus","status":"publish","type":"product","link":"https:\/\/ankadedektor.com\/index.php\/urun\/conrad-gr-3-plus\/","title":{"rendered":"Conrad GR-3 PLUS"},"content":{"rendered":"<p><img fetchpriority=\"high\" decoding=\"async\" class=\"alignnone size-full wp-image-734\" src=\"https:\/\/ankadedektor.com\/wp-content\/uploads\/2025\/03\/gr3-lite2.jpg\" alt=\"\" width=\"250\" height=\"462\" \/><img decoding=\"async\" class=\"alignnone size-full wp-image-735 lazyload\" data-src=\"https:\/\/ankadedektor.com\/wp-content\/uploads\/2025\/03\/gr3-lite3.jpg\" alt=\"\" width=\"250\" height=\"375\" src=\"data:image\/svg+xml;base64,PHN2ZyB3aWR0aD0iMSIgaGVpZ2h0PSIxIiB4bWxucz0iaHR0cDovL3d3dy53My5vcmcvMjAwMC9zdmciPjwvc3ZnPg==\" style=\"--smush-placeholder-width: 250px; --smush-placeholder-aspect-ratio: 250\/375;\" \/><\/p>\n<p>GR-3 \u00fcr\u00fcn\u00fc; toprak alt\u0131ndaki farkl\u0131l\u0131klar\u0131 alg\u0131layan ve 3 Boyutlu analiz yapman\u0131z\u0131 sa\u011flayan yeralt\u0131 g\u00f6r\u00fcnt\u00fcleme cihaz\u0131d\u0131r.<br \/>\nToprak alt\u0131nda g\u00f6m\u00fcl\u00fc olan, metalleri, manyetik nesneleri, mezar, oda, t\u00fcnel gibi bo\u015fluk yap\u0131lar\u0131n\u0131 alg\u0131laman\u0131za, \u00f6l\u00e7menize ve yer tespiti yapman\u0131za olanak sa\u011flar.<br \/>\n\u00d6zel olarak haz\u0131rlanm\u0131\u015f olan 3D Analiz yaz\u0131l\u0131m\u0131 sayesinde manyetik (demir veya \u00e7elik), manyetik olmayan (alt\u0131n, g\u00fcm\u00fc\u015f veya bak\u0131r) metalleri grafiksel olarak g\u00f6sterir.<\/p>\n<p>Hedefine b\u00fcy\u00fckl\u00fc\u011f\u00fcne (\u00e7ap\u0131na) ve toprak yap\u0131s\u0131na ba\u011fl\u0131 olarak, <strong><em>7 metre<\/em><\/strong> derinliklere kadar ula\u015f\u0131labilir.<\/p>\n<p>GR-3, herkesin kullanabilece\u011fi, son derece basit ve kompakt olarak tasarlanm\u0131\u015ft\u0131r.<br \/>\nHerhangi bir kablo veya a\u011f\u0131r bataryalara sahip de\u011fildir. Kullan\u0131c\u0131 hafif tasar\u0131m\u0131 sayesinde zemini tarar ve tarama esnas\u0131nda al\u0131nan veriler anl\u0131k (real-time) olarak tablet ya da telefon gibi mobil cihaz ekran\u0131nda sonu\u00e7lar belirir.<br \/>\nTarama ve \u00f6l\u00e7me i\u015flemi bittikten hemen sonra ekrandaki sonu\u00e7lar analiz edilebilir.<br \/>\nAl\u0131nan veriler tablet ya da telefon gibi mobil cihazlar\u0131n\u0131zda saklayabilir ve gerekti\u011finde tekrar detayl\u0131 bir \u015fekilde de\u011ferlendirebilirsiniz.<\/p>\n<p><img decoding=\"async\" class=\"alignnone wp-image-739 lazyload\" data-src=\"https:\/\/ankadedektor.com\/wp-content\/uploads\/2025\/03\/gr3-lite4.jpg\" alt=\"\" width=\"219\" height=\"329\" src=\"data:image\/svg+xml;base64,PHN2ZyB3aWR0aD0iMSIgaGVpZ2h0PSIxIiB4bWxucz0iaHR0cDovL3d3dy53My5vcmcvMjAwMC9zdmciPjwvc3ZnPg==\" style=\"--smush-placeholder-width: 219px; --smush-placeholder-aspect-ratio: 219\/329;\" \/><img decoding=\"async\" class=\"alignnone wp-image-737 lazyload\" data-src=\"https:\/\/ankadedektor.com\/wp-content\/uploads\/2025\/03\/ekranlar-gr-3-plus.jpg\" alt=\"\" width=\"754\" height=\"267\" src=\"data:image\/svg+xml;base64,PHN2ZyB3aWR0aD0iMSIgaGVpZ2h0PSIxIiB4bWxucz0iaHR0cDovL3d3dy53My5vcmcvMjAwMC9zdmciPjwvc3ZnPg==\" style=\"--smush-placeholder-width: 754px; --smush-placeholder-aspect-ratio: 754\/267;\" \/><\/p>\n<p>Hedefin (metal ve\/veya bo\u015fluk) derinli\u011fini ve \u00e7ap\u0131n\u0131 (b\u00fcy\u00fckl\u00fc\u011f\u00fcn\u00fc) h\u0131zl\u0131 bir \u015fekilde almak yaz\u0131l\u0131m\u0131n opsiyonlar\u0131 sayesinde olmaktad\u0131r.<\/p>\n<p>GR-3\u00a0\u00fcr\u00fcn\u00fc \u00e7ok ama\u00e7l\u0131 bir cihaz olup, her t\u00fcrl\u00fc arazi (zemin) yap\u0131s\u0131nda (kumlu, kayal\u0131k veya killi) rahatl\u0131kla kullan\u0131labilir.<\/p>\n<p>GR-3 \u00fcr\u00fcn\u00fcn\u00fcn iki farkl\u0131 modeli mevcuttur; GR-3 ve\u00a0GR-3 Plus.<\/p>\n<p>GR-3 modeli; y\u00fcksek hassasiyetli tekli sens\u00f6r sistemine sahiptir (CN-S Sensor).<\/p>\n<p>GR-3 Plus modeli ise; y\u00fcksek hassasiyetli iki sens\u00f6r (Dual) sistemine sahiptir (CN-D Sensor). B\u00f6ylece daha fazla derine n\u00fcfuz edebilir, daha y\u00fcksek \u00e7\u00f6z\u00fcn\u00fcrl\u00fckte veriler elde edebilirsiniz.<\/p>\n<p><em>He<\/em><em>r iki modelde de a\u015fa\u011f\u0131daki \u00f6zellikler bulunmaktad\u0131r;<\/em><\/p>\n<ul>\n<li><em><strong>Kablosuz veri transferi\u00a0<\/strong><\/em><\/li>\n<li><em><strong>Android ve IOS i\u00e7in \u00f6zel olarak geli\u015ftirilmi\u015f 3D Analiz uygulamas\u0131<\/strong><\/em><\/li>\n<li><em><strong>Otomatik ve Manuel, 3D Zemin tarama fonksiyonu\u00a0<\/strong><\/em><\/li>\n<li><em><strong>Canl\u0131 tarama ve Pinpointer fonksiyonu<\/strong><\/em><\/li>\n<li><em><strong>5 volt mikro usb ile \u015farj edilme (ta\u015f\u0131nabilir g\u00fc\u00e7 kaynaklar\u0131 ile \u015farj edebilme)<\/strong><\/em><\/li>\n<\/ul>\n<p>3D Zemin Tarama fonksiyonu sayesinde, toprak alt\u0131ndaki nesnelerin, odalar\u0131n, t\u00fcnellerin, mezarlar\u0131n 3 Boyutlu olarak konumunu, derinli\u011fini, grafiksel ve say\u0131sal olarak \u00f6l\u00e7menizi, alg\u0131laman\u0131z\u0131 sa\u011flar.<\/p>\n<p>Canl\u0131 tarama fonksiyonu sayesinde; grafiksel olarak h\u0131zl\u0131 bir \u015fekilde toprak alt\u0131ndaki nesneleri tespit edebilirsiniz. Belirli bir arama \u015fekline ba\u011fl\u0131 kalmadan kolayca ve h\u0131zl\u0131 \u015fekilde nesneleri tespit edebilirsiniz.<\/p>\n<p>Pinpointer fonksiyonu ile; nesnelerin noktasal konumlar\u0131n\u0131 bulman\u0131z\u0131 sa\u011flar. Yaz\u0131l\u0131msal ve donan\u0131msal olarak geli\u015ftirilmi\u015f \u00f6zel sens\u00f6rleri sayesinde olduk\u00e7a derinlerden tespitini sa\u011flar.<\/p>\n<table border=\"1\" cellspacing=\"0\" cellpadding=\"0\">\n<tbody>\n<tr>\n<td colspan=\"2\">CONRAD GR \u2013 3 (TR VERS\u0130YON)<\/td>\n<\/tr>\n<tr>\n<td colspan=\"2\"><\/td>\n<\/tr>\n<tr>\n<td>Sistem<\/td>\n<td>3D Zemin taray\u0131c\u0131<\/td>\n<\/tr>\n<tr>\n<td>Sensor teknolojisi<\/td>\n<td>CN-S Sens\u00f6r teknolojisi ( Single)\u00a0 \u00b1 2000 \u00b5T<\/td>\n<\/tr>\n<tr>\n<td>CPU<\/td>\n<td>240 Mhz CPU &#8211; 12-bit A\/D converter<\/td>\n<\/tr>\n<tr>\n<td>Derinlik<\/td>\n<td>5 metre derinli\u011fe kadar *<\/td>\n<\/tr>\n<tr>\n<td>Tarama modlar\u0131<\/td>\n<td>Otomatik \u2013 Manuel \u2013 Canl\u0131 Tarama \u2013 Pinpointer<\/td>\n<\/tr>\n<tr>\n<td>3D Analiz Uygulamas\u0131<\/td>\n<td>Conrad GR-3 Android &amp; IOS Analiz program\u0131<\/td>\n<\/tr>\n<tr>\n<td>Dil<\/td>\n<td>T\u00fcrk\u00e7e<\/td>\n<\/tr>\n<tr>\n<td>Batarya<\/td>\n<td>3.7 V Li-ion \u015earj edilebilir batarya<\/td>\n<\/tr>\n<tr>\n<td>\u00c7al\u0131\u015fma s\u00fcresi<\/td>\n<td>Yakla\u015f\u0131k 8 saat<\/td>\n<\/tr>\n<tr>\n<td>Kablosuz Ba\u011flant\u0131<\/td>\n<td>Bluetooth 4.2 BLE<\/td>\n<\/tr>\n<tr>\n<td>\u00c7al\u0131\u015fma s\u0131cakl\u0131\u011f\u0131<\/td>\n<td>0\u00baC &#8211; 70\u00baC<\/td>\n<\/tr>\n<tr>\n<td>Saklama ko\u015fullar\u0131<\/td>\n<td>-20\u00baC &#8211; 60\u00baC<\/td>\n<\/tr>\n<tr>\n<td>Garanti<\/td>\n<td>2 Y\u0131l<\/td>\n<\/tr>\n<tr>\n<td>A\u011f\u0131rl\u0131k<\/td>\n<td>Yakla\u015f\u0131k 600 gr<\/td>\n<\/tr>\n<tr>\n<td>Boyut<\/td>\n<td>810 x 70 x 70 mm<\/td>\n<\/tr>\n<tr>\n<td>\u015earj giri\u015f voltaj\u0131<\/td>\n<td>5 Volt \u2013 2 A<\/td>\n<\/tr>\n<\/tbody>\n<\/table>\n<p>* Derinlik de\u011ferleri toprak tipine ve g\u00f6m\u00fcl\u00fc cismin boyutuna g\u00f6re de\u011fi\u015fir. Verilen de\u011ferler maksimum de\u011ferlerdir<\/p>\n<h3>Gr-3\u00a0 Yeralt\u0131 G\u00f6r\u00fcnt\u00fcleme Cihaz\u0131 Paket i\u00e7eri\u011fi;<\/h3>\n<table style=\"border-collapse: collapse; width: 58.0812%; height: 333px;\">\n<tbody>\n<tr>\n<td style=\"width: 63.6313%;\">&#8211; Cihaz ana \u00fcnitesi<br \/>\n&#8211; 5 volt \u015farj adapt\u00f6r\u00fc ve \u015farj kablosu<br \/>\n&#8211; Ta\u015f\u0131ma k\u0131l\u0131f\u0131<br \/>\n&#8211; Kullanma k\u0131lavuzu<br \/>\n&#8211; Garanti belgesi<\/td>\n<td style=\"width: 36.3688%;\"><img decoding=\"async\" class=\"alignnone size-full wp-image-738 lazyload\" data-src=\"https:\/\/ankadedektor.com\/wp-content\/uploads\/2025\/03\/gr3-lite1.jpg\" alt=\"\" width=\"300\" height=\"316\" src=\"data:image\/svg+xml;base64,PHN2ZyB3aWR0aD0iMSIgaGVpZ2h0PSIxIiB4bWxucz0iaHR0cDovL3d3dy53My5vcmcvMjAwMC9zdmciPjwvc3ZnPg==\" style=\"--smush-placeholder-width: 300px; --smush-placeholder-aspect-ratio: 300\/316;\" \/><\/td>\n<\/tr>\n<\/tbody>\n<\/table>\n<p>&nbsp;<\/p>\n","protected":false},"excerpt":{"rendered":"<p>GR-3 PLUS \u00fcr\u00fcn\u00fc; toprak alt\u0131ndaki farkl\u0131l\u0131klar\u0131 alg\u0131layan ve 3 Boyutlu analiz yapman\u0131z\u0131 sa\u011flayan yeralt\u0131 g\u00f6r\u00fcnt\u00fcleme cihaz\u0131d\u0131r.<\/p>\n","protected":false},"featured_media":740,"comment_status":"open","ping_status":"closed","template":"","meta":[],"product_brand":[50],"product_cat":[23,58,25,15],"product_tag":[71,63],"class_list":{"0":"post-741","1":"product","2":"type-product","3":"status-publish","4":"has-post-thumbnail","6":"product_brand-conrad","7":"product_cat-altin","8":"product_cat-conrad","9":"product_cat-define","10":"product_cat-genel","11":"product_tag-anka-dedektor","12":"product_tag-dedektor","14":"first","15":"instock","16":"taxable","17":"shipping-taxable","18":"purchasable","19":"product-type-simple"},"_links":{"self":[{"href":"https:\/\/ankadedektor.com\/index.php\/wp-json\/wp\/v2\/product\/741","targetHints":{"allow":["GET"]}}],"collection":[{"href":"https:\/\/ankadedektor.com\/index.php\/wp-json\/wp\/v2\/product"}],"about":[{"href":"https:\/\/ankadedektor.com\/index.php\/wp-json\/wp\/v2\/types\/product"}],"replies":[{"embeddable":true,"href":"https:\/\/ankadedektor.com\/index.php\/wp-json\/wp\/v2\/comments?post=741"}],"wp:featuredmedia":[{"embeddable":true,"href":"https:\/\/ankadedektor.com\/index.php\/wp-json\/wp\/v2\/media\/740"}],"wp:attachment":[{"href":"https:\/\/ankadedektor.com\/index.php\/wp-json\/wp\/v2\/media?parent=741"}],"wp:term":[{"taxonomy":"product_brand","embeddable":true,"href":"https:\/\/ankadedektor.com\/index.php\/wp-json\/wp\/v2\/product_brand?post=741"},{"taxonomy":"product_cat","embeddable":true,"href":"https:\/\/ankadedektor.com\/index.php\/wp-json\/wp\/v2\/product_cat?post=741"},{"taxonomy":"product_tag","embeddable":true,"href":"https:\/\/ankadedektor.com\/index.php\/wp-json\/wp\/v2\/product_tag?post=741"}],"curies":[{"name":"wp","href":"https:\/\/api.w.org\/{rel}","templated":true}]}}