{"id":732,"date":"2025-03-27T13:40:47","date_gmt":"2025-03-27T10:40:47","guid":{"rendered":"http:\/\/localhost\/anka_new\/?post_type=product&#038;p=732"},"modified":"2025-10-14T22:10:10","modified_gmt":"2025-10-14T19:10:10","slug":"invenio-pro","status":"publish","type":"product","link":"https:\/\/ankadedektor.com\/index.php\/urun\/invenio-pro\/","title":{"rendered":"Invenio PRO"},"content":{"rendered":"<h3>METAL DEDEKT\u00d6R\u00dc TEKNOLOJ\u0130LER\u0130NDE YEN\u0130 B\u0130R \u00c7A\u011eIN BA\u015eLANGICI! B\u0130P SESLER\u0130N\u0130N VE RAKAMLARIN \u00d6TES\u0130NE GE\u00c7\u0130N<\/h3>\n<p><img decoding=\"async\" data-src=\"https:\/\/www.noktadedektor.com\/wp-content\/uploads\/2018\/07\/invenio-pro-yapay-zeka.jpg\" alt=\"Yapay Zeka \u0130le \u00d6\u011frenebilen Dedekt\u00f6r\" src=\"data:image\/svg+xml;base64,PHN2ZyB3aWR0aD0iMSIgaGVpZ2h0PSIxIiB4bWxucz0iaHR0cDovL3d3dy53My5vcmcvMjAwMC9zdmciPjwvc3ZnPg==\" class=\"lazyload\" \/><\/p>\n<p>Invenio, metal dedekt\u00f6r sekt\u00f6r\u00fcndeki bir hayalin ger\u00e7e\u011fe d\u00f6n\u00fc\u015fmesinde at\u0131lm\u0131\u015f devrim yarat\u0131c\u0131 ilk ve tek ad\u0131md\u0131r. Klasik metal dedekt\u00f6rlerinin ortaya \u00e7\u0131kt\u0131\u011f\u0131 1930\u2019lardan g\u00fcn\u00fcm\u00fcze kadar metal dedekt\u00f6rleri, teknolojideki geli\u015fmelere paralel olarak bir\u00e7ok yeni \u00f6zelli\u011fi sunmu\u015f olmay\u0131 ba\u015farmakla beraber, kullan\u0131c\u0131lar\u0131n beklentilerini tam anlam\u0131yla kar\u015f\u0131lamakta yetersiz kalm\u0131\u015flard\u0131r. Bak\u0131ld\u0131\u011f\u0131nda, sekt\u00f6rdeki di\u011fer rakip firmalar y\u0131llard\u0131r metal dedekt\u00f6r teknolojilerinde bir\u00e7ok patentin alt\u0131na imza atm\u0131\u015f, ancak bug\u00fcn gelinen noktada bile hedefe sesli uyar\u0131 vermenin ve hedef ID say\u0131lar\u0131 ile metal ayr\u0131m\u0131 yapman\u0131n \u00f6tesine ge\u00e7ememi\u015f ve benzer noktalarda t\u0131kanm\u0131\u015flard\u0131r.<\/p>\n<p><b>Oysa kullan\u0131c\u0131lar g\u00fcn\u00fcm\u00fcze kadar bir dedekt\u00f6rden hep daha fazlas\u0131n\u0131 beklemi\u015flerdir:<\/b><br \/>\n<b>1.<\/b> Daha derindeki hedefleri ke\u015ffetmeyi<br \/>\n<b>2.<\/b> Tespit edilen hedefin ne t\u00fcr bir metal oldu\u011funu bilmeyi<br \/>\n<b>3.<\/b> Hedeflerin ger\u00e7ek derinli\u011fini<br \/>\n<b>4.<\/b> Hedeflerin \u015fekillerini veya formlar\u0131n\u0131 g\u00f6rmeyi<br \/>\n<b>5.<\/b> Hedeflerin boyutlar\u0131n\u0131 tespit etmeyi<br \/>\n<b>6.<\/b> Zemin farkl\u0131l\u0131klar\u0131n\u0131\/bo\u015fluklar\u0131 bulmay\u0131.<\/p>\n<p>Nokta Dedekt\u00f6r kuruldu\u011fu ilk g\u00fcnden beri kullan\u0131c\u0131lar\u0131n bu hayalini ger\u00e7e\u011fe d\u00f6n\u00fc\u015ft\u00fcrmek ad\u0131na ad\u0131mlar atmaya ba\u015flam\u0131\u015f ve uzun y\u0131llar s\u00fcren yo\u011fun ARGE ve y\u00fcksek m\u00fchendislik \u00e7al\u0131\u015fmalar\u0131 sonucu, t\u00fcm teknolojisi kendine ait olan ve 3 ayr\u0131 konuda patent ba\u015fvurusu yap\u0131lm\u0131\u015f, d\u00fcnyan\u0131n ilk ak\u0131ll\u0131 dedekt\u00f6r ve g\u00f6r\u00fcnt\u00fcleme sistemi Invenio\u2019yu geli\u015ftirmeyi ba\u015fararak bug\u00fcn gururla kullan\u0131c\u0131lar\u0131na sunmu\u015ftur.<\/p>\n<p>Invenio geli\u015ftirilmeye a\u00e7\u0131k bir platform olarak tasarlanm\u0131\u015f olup, gelecekte t\u00fcm hobi dedekt\u00f6rlerinin (tek para ve buluntu dedekt\u00f6rleri) yan\u0131 s\u0131ra do\u011fal alt\u0131n par\u00e7ac\u0131klar\u0131n\u0131 tespit eden alt\u0131n dedekt\u00f6rlerine de uygulanmas\u0131 ama\u00e7lanmaktad\u0131r.<\/p>\n<h3>TOPRAK ALTINDAK\u0130 METALLER\u0130N VE ZEM\u0130N FARKLILIKLARININ\/BO\u015eLUKLARIN \u015eEK\u0130LLER\u0130N\u0130, DER\u0130NL\u0130\u011e\u0130N\u0130 VE BOYUTLARINI G\u00d6STEREN, AYRIM YAPAB\u0130LEN, D\u00dcNYANIN \u0130LK GER\u00c7EK ZAMANLI AKILLI DEDEKT\u00d6R VE G\u00d6R\u00dcNT\u00dcLEME S\u0130STEM\u0130<\/h3>\n<p><img decoding=\"async\" data-src=\"https:\/\/www.noktadedektor.com\/wp-content\/uploads\/2018\/07\/invenio-iptu-sensor-banner.jpg\" alt=\"IPTU Sens\u00f6r\" src=\"data:image\/svg+xml;base64,PHN2ZyB3aWR0aD0iMSIgaGVpZ2h0PSIxIiB4bWxucz0iaHR0cDovL3d3dy53My5vcmcvMjAwMC9zdmciPjwvc3ZnPg==\" class=\"lazyload\" \/><\/p>\n<p><b>IPTU SENS\u00d6R (Integrated Positional Tracking Unit)<\/b><br \/>\nNokta Dedekt\u00f6r taraf\u0131ndan geli\u015ftirilmi\u015f olan IPTU \u00fcnitesi, i\u00e7indeki sens\u00f6rler yard\u0131m\u0131 ile bobinin sa\u011f-sol, ileri-geri hareketlerini hassas olarak hesaplayarak konumunu ve yerden y\u00fcksekli\u011fini tespit etmeye yarar. IPTU sens\u00f6r ile tarad\u0131\u011f\u0131n\u0131z alan\u0131n ba\u015flang\u0131\u00e7 ve biti\u015f noktalar\u0131n\u0131 ekrandan takip edebilir ve tespit etti\u011finiz hedeflerin konumlar\u0131n\u0131 bu alan \u00fczerinde g\u00f6rebilirsiniz. Ayr\u0131ca IPTU sens\u00f6r\u00fcn yard\u0131m\u0131yla tarad\u0131\u011f\u0131n\u0131z alan\u0131n enini ve boyunu, tespit edilen hedefin tahmini derinli\u011fini, \u015feklini ve boyutlar\u0131n\u0131 da tespit edebilirsiniz.<\/p>\n<p><img decoding=\"async\" data-src=\"https:\/\/www.noktadedektor.com\/wp-content\/uploads\/2018\/09\/invenio-gomulu-metal-tablosu.png\" alt=\"Ger\u00e7ek G\u00f6m\u00fcl\u00fc Metal Tablosu\" src=\"data:image\/svg+xml;base64,PHN2ZyB3aWR0aD0iMSIgaGVpZ2h0PSIxIiB4bWxucz0iaHR0cDovL3d3dy53My5vcmcvMjAwMC9zdmciPjwvc3ZnPg==\" class=\"lazyload\" \/><\/p>\n<p><b>ARAMA VE SONU\u00c7 EKRANLARI<\/b><br \/>\nGer\u00e7ek Sahada Toprak Alt\u0131 Testi<\/p>\n<div><img decoding=\"async\" class=\"saga-al lazyload\" data-src=\"https:\/\/www.noktadedektor.com\/wp-content\/uploads\/2018\/07\/gomulumetaller-1-tr-1.jpg\" alt=\"G\u00f6m\u00fcl\u00fc Metaller 1\" src=\"data:image\/svg+xml;base64,PHN2ZyB3aWR0aD0iMSIgaGVpZ2h0PSIxIiB4bWxucz0iaHR0cDovL3d3dy53My5vcmcvMjAwMC9zdmciPjwvc3ZnPg==\" \/><img decoding=\"async\" class=\"saga-al lazyload\" data-src=\"https:\/\/www.noktadedektor.com\/wp-content\/uploads\/2018\/07\/gomulumetaller-2-tr-1.jpg\" alt=\"G\u00f6m\u00fcl\u00fc Metaller 2\" src=\"data:image\/svg+xml;base64,PHN2ZyB3aWR0aD0iMSIgaGVpZ2h0PSIxIiB4bWxucz0iaHR0cDovL3d3dy53My5vcmcvMjAwMC9zdmciPjwvc3ZnPg==\" \/><img decoding=\"async\" class=\"saga-al lazyload\" data-src=\"https:\/\/www.noktadedektor.com\/wp-content\/uploads\/2018\/07\/gomulumetaller-3-tr-1.jpg\" alt=\"G\u00f6m\u00fcl\u00fc Metaller 3\" src=\"data:image\/svg+xml;base64,PHN2ZyB3aWR0aD0iMSIgaGVpZ2h0PSIxIiB4bWxucz0iaHR0cDovL3d3dy53My5vcmcvMjAwMC9zdmciPjwvc3ZnPg==\" \/><img decoding=\"async\" class=\"saga-al lazyload\" data-src=\"https:\/\/www.noktadedektor.com\/wp-content\/uploads\/2018\/07\/gomulumetaller-4-tr-1.jpg\" alt=\"G\u00f6m\u00fcl\u00fc Metaller 4\" src=\"data:image\/svg+xml;base64,PHN2ZyB3aWR0aD0iMSIgaGVpZ2h0PSIxIiB4bWxucz0iaHR0cDovL3d3dy53My5vcmcvMjAwMC9zdmciPjwvc3ZnPg==\" \/><\/div>\n<hr \/>\n<ul class=\"det-icn\">\n<li><span class=\"nm-icn-txt\"><b>Yapay Zeka ile \u00d6\u011frenebilme : <\/b>Yapay Sinir A\u011f\u0131, uyarlan\u0131r \u00f6\u011frenme algoritmalar\u0131 kullanarak, cihaz\u0131n \u00e7ok daha iyi \u015fekiller \u00e7\u0131kartmas\u0131n\u0131 ve derinlik bilgisi vermesini sa\u011flar!<\/span><\/li>\n<li><span class=\"nm-icn-txt\"><b>\u00c7ok Ama\u00e7l\u0131 : <\/b>Invenio ile bulabilece\u011finiz hedefler: Derindeki b\u00fcy\u00fck hazineler, tek paralar, metalden yap\u0131lm\u0131\u015f eski eserler, zemin farkl\u0131l\u0131klar\u0131 \/ yer alt\u0131ndaki ma\u011fara, t\u00fcnel gibi bo\u015fluklar\u2026 K\u0131sacas\u0131 toprak alt\u0131nda arad\u0131\u011f\u0131n\u0131z her \u015fey!<\/span><\/li>\n<li><span class=\"nm-icn-txt\"><b>Y\u00fcksek Performans ve E\u015fsiz Derinlik : <\/b>Di\u011fer dedekt\u00f6rlerin tespit edemedi\u011fi derinlerdeki hazineleri siz ke\u015ffedin.<\/span><\/li>\n<li><span class=\"nm-icn-txt\"><b>3 Statik Arama Modu : <\/b>Temel \/ Uzman \/ Zemin Anomalisi &amp; Bo\u015fluk.<\/span><br \/>\n<span class=\"nm-icn-txt\"><b>3 Dinamik Arama Modu : <\/b>T\u00fcm Metal \/ H\u0131zl\u0131 \/ Derin<\/span><\/li>\n<\/ul>\n<p><img decoding=\"async\" data-src=\"https:\/\/www.noktadedektor.com\/wp-content\/uploads\/2018\/07\/invenio-pro-frekans-banner.jpg\" alt=\"Multi Frekans\" src=\"data:image\/svg+xml;base64,PHN2ZyB3aWR0aD0iMSIgaGVpZ2h0PSIxIiB4bWxucz0iaHR0cDovL3d3dy53My5vcmcvMjAwMC9zdmciPjwvc3ZnPg==\" class=\"lazyload\" \/><\/p>\n<ul class=\"det-icn\">\n<li><span class=\"nm-icn-txt\"><b>17 Dil : <\/b> \u0130ngilizce \/ Almanca \/ Yunanca \/ T\u00fcrk\u00e7e \/ Frans\u0131zca \/ \u0130talyanca \/ Rus\u00e7a \/ Arap\u00e7a \/ \u0130spanyolca \/ \u00c7ince \/ Fars\u00e7a \/ Bulgarca \/ S\u0131rp\u00e7a \/ Romence \/ Felemenk\u00e7e \/ Portekizce \/ Leh\u00e7e<\/span><\/li>\n<li><span class=\"nm-icn-txt\"><b>\u0130nternetten Yaz\u0131l\u0131m G\u00fcncelleme : <\/b>Dedekt\u00f6r\u00fcn\u00fcz\u00fc her zaman g\u00fcncel tutarak (PC \u00fczerinden USB ba\u011flant\u0131s\u0131 ile) en iyi performans\u0131 al\u0131n.<\/span><\/li>\n<li><span class=\"nm-icn-txt\"><b>2.4GHz Kablosuz Ba\u011flant\u0131 : <\/b>Invenio sistem kutusu ve arama kolu kablosuz olarak haberle\u015fir. Ayr\u0131ca, kablolu kulakl\u0131k tercih etmeyen kullan\u0131c\u0131lar, harici olarak sat\u0131lan 2.4GHz kablosuz kulakl\u0131\u011f\u0131 sat\u0131n alabilirler.<\/span><\/li>\n<li><span class=\"nm-icn-txt\"><b>Titre\u015fim : <\/b>Bu \u00f6zellik aktifken Invenio bir hedef buldu\u011funda titre\u015fim ile uyar\u0131 verir. \u0130\u015fitme engelli kullan\u0131c\u0131lar ve y\u00fcksek g\u00fcr\u00fclt\u00fcl\u00fc ortamlar i\u00e7in vazge\u00e7ilmez bir \u00f6zelliktir.<\/span><\/li>\n<\/ul>\n<p><img decoding=\"async\" data-src=\"https:\/\/www.noktadedektor.com\/wp-content\/uploads\/2018\/07\/invenio-pro-kullanim-alanlari.jpg\" alt=\"Invenio Pro Kullan\u0131m Alanlar\u0131\" src=\"data:image\/svg+xml;base64,PHN2ZyB3aWR0aD0iMSIgaGVpZ2h0PSIxIiB4bWxucz0iaHR0cDovL3d3dy53My5vcmcvMjAwMC9zdmciPjwvc3ZnPg==\" class=\"lazyload\" \/><\/p>\n<ul class=\"det-icn\">\n<li><span class=\"nm-icn-txt\"><b>M\u00fckemmel Ayr\u0131m Kabiliyeti : <\/b>Sadece arad\u0131\u011f\u0131n\u0131z hedefleri bulun ve istemedi\u011finiz metalleri kazmak i\u00e7in zaman harcamay\u0131n.<\/span><\/li>\n<li><span class=\"nm-icn-txt\"><b>\u00c7ok Y\u00fcksek Metal Alg\u0131lama H\u0131z\u0131 : <\/b>Di\u011fer dedekt\u00f6rlerin demir ve at\u0131klar aras\u0131nda ka\u00e7\u0131rd\u0131klar\u0131n\u0131 bulmaya haz\u0131r olun!<\/span><\/li>\n<li><span class=\"nm-icn-txt\"><b>LED I\u015f\u0131k ve Ekran Ayd\u0131nlatma : <\/b>Invenio\u2019nun ekran ayd\u0131nlatmas\u0131 ve arama yapt\u0131\u011f\u0131n\u0131z alan\u0131 ayd\u0131nlatan LED \u0131\u015f\u0131\u011f\u0131 sayesinde karanl\u0131kta da arama yapabilirsiniz.<\/span><\/li>\n<li><span class=\"nm-icn-txt\"><b>Ar\u015fiv : <\/b>T\u00fcm 3D grafikleri ve ekran g\u00f6r\u00fcnt\u00fclerini kaydedebilir, dilerseniz PC\u2019nize aktarabilirsiniz.<\/span><\/li>\n<\/ul>\n<p><img fetchpriority=\"high\" decoding=\"async\" class=\"\" src=\"https:\/\/www.noktadedektor.com\/wp-content\/uploads\/2021\/04\/nokta-makro-dedektor-invenio-pro-paket-icerigi.jpg\" alt=\"Invenio Pro. Paket \u0130\u00e7eri\u011fi\" width=\"906\" height=\"559\" \/><\/p>\n<p>1 \u2013 Sistem Kutusu<br \/>\n2 \u2013 Arama Kolu<br \/>\n3 \u2013 IPTU Sens\u00f6r<br \/>\n4 \u2013 Su Ge\u00e7irmez DD Arama Ba\u015fl\u0131\u011f\u0131 40&#215;35 cm (INV40) ve Kapa\u011f\u0131<br \/>\n5 \u2013 Su Ge\u00e7irmez DD Arama Ba\u015fl\u0131\u011f\u0131 56&#215;40 cm (INV56)<br \/>\n6 \u2013 Su Ge\u00e7irmez DD Arama Ba\u015fl\u0131\u011f\u0131 28&#215;18 cm (INV28) ve Kapa\u011f\u0131<br \/>\n7 \u2013 KOSS Kulakl\u0131k &#8211; 6.3 mm Jak<br \/>\n8 \u2013 Sistem Kutusu Ta\u015f\u0131ma K\u0131l\u0131f\u0131<br \/>\n9 \u2013 Ekstra 9500 mAh Lipo Batarya<br \/>\n10 \u2013 \u015earj Aleti<br \/>\n11 \u2013 Ara\u00e7 \u015earj\u0131<br \/>\n12 \u2013 USB Kablo ve Data Kablosu<br \/>\n13 \u2013 Ta\u015f\u0131ma Yele\u011fi\/Kemeri\/Ask\u0131s\u0131<br \/>\n14 \u2013 Arama Ba\u015fl\u0131\u011f\u0131 Ba\u011flant\u0131 Kiti<br \/>\n15 \u2013 IPTU Sens\u00f6r Ta\u015f\u0131ma \u00c7antas\u0131<br \/>\n16 \u2013 Arama Kolu Koruyucu K\u0131l\u0131flar\u0131<br \/>\n17 \u2013 Ekran G\u00fcne\u015fli\u011fi<br \/>\n18 \u2013 INV56 Arama Ba\u015fl\u0131\u011f\u0131 Ta\u015f\u0131ma \u00c7antas\u0131<br \/>\n19 \u2013 Su Ge\u00e7irmez (IP67) Sert Ta\u015f\u0131ma Valizi<\/p>\n<p>&nbsp;<\/p>\n","protected":false},"excerpt":{"rendered":"<p>METAL DEDEKT\u00d6R\u00dc TEKNOLOJ\u0130LER\u0130NDE YEN\u0130 B\u0130R \u00c7A\u011eIN BA\u015eLANGICI!<\/p>\n","protected":false},"featured_media":607,"comment_status":"open","ping_status":"closed","template":"","meta":[],"product_brand":[49],"product_cat":[21,22,25,15,24,56],"product_tag":[],"class_list":{"0":"post-732","1":"product","2":"type-product","3":"status-publish","4":"has-post-thumbnail","6":"product_brand-nokta","7":"product_cat-all","8":"product_cat-dedektorler","9":"product_cat-define","10":"product_cat-genel","11":"product_cat-goruntuleme","12":"product_cat-nokta-urunleri","14":"first","15":"instock","16":"taxable","17":"shipping-taxable","18":"purchasable","19":"product-type-simple"},"_links":{"self":[{"href":"https:\/\/ankadedektor.com\/index.php\/wp-json\/wp\/v2\/product\/732","targetHints":{"allow":["GET"]}}],"collection":[{"href":"https:\/\/ankadedektor.com\/index.php\/wp-json\/wp\/v2\/product"}],"about":[{"href":"https:\/\/ankadedektor.com\/index.php\/wp-json\/wp\/v2\/types\/product"}],"replies":[{"embeddable":true,"href":"https:\/\/ankadedektor.com\/index.php\/wp-json\/wp\/v2\/comments?post=732"}],"wp:featuredmedia":[{"embeddable":true,"href":"https:\/\/ankadedektor.com\/index.php\/wp-json\/wp\/v2\/media\/607"}],"wp:attachment":[{"href":"https:\/\/ankadedektor.com\/index.php\/wp-json\/wp\/v2\/media?parent=732"}],"wp:term":[{"taxonomy":"product_brand","embeddable":true,"href":"https:\/\/ankadedektor.com\/index.php\/wp-json\/wp\/v2\/product_brand?post=732"},{"taxonomy":"product_cat","embeddable":true,"href":"https:\/\/ankadedektor.com\/index.php\/wp-json\/wp\/v2\/product_cat?post=732"},{"taxonomy":"product_tag","embeddable":true,"href":"https:\/\/ankadedektor.com\/index.php\/wp-json\/wp\/v2\/product_tag?post=732"}],"curies":[{"name":"wp","href":"https:\/\/api.w.org\/{rel}","templated":true}]}}