{"id":729,"date":"2025-03-27T13:22:45","date_gmt":"2025-03-27T10:22:45","guid":{"rendered":"http:\/\/localhost\/anka_new\/?post_type=product&#038;p=729"},"modified":"2025-10-14T22:10:55","modified_gmt":"2025-10-14T19:10:55","slug":"deephunter3d","status":"publish","type":"product","link":"https:\/\/ankadedektor.com\/index.php\/urun\/deephunter3d\/","title":{"rendered":"Deephunter 3D PRO"},"content":{"rendered":"<p><strong>DEF\u0130NE ve TEK PARA DEDEKT\u00d6R\u00dc B\u0130R ARADA<\/strong><\/p>\n<p>Deephunter dedekt\u00f6r, derin define, bo\u015fluk ve tek para dedekt\u00f6r\u00fcn\u00fc tek bir cihazda birle\u015ftiren d\u00fcnyadaki ilk ve tek metal dedekt\u00f6r\u00fcd\u00fcr. Mod 1 (sallamas\u0131z) ile b\u00fcy\u00fck defineleri, Mod 2 (sallamal\u0131) ile de tek para ve k\u00fc\u00e7\u00fck objeleri inan\u0131lmaz derinliklerden tespit eder. Deephunter dedekt\u00f6r, t\u00fcm kullan\u0131c\u0131lar\u0131n hayallerindeki h\u0131zl\u0131 ve derin dedekt\u00f6r teknolojisidir. Kullan\u0131c\u0131 tek bir d\u00fc\u011fme yard\u0131m\u0131 ile diledi\u011fi modu se\u00e7erek ister 3D g\u00f6r\u00fcnt\u00fcl\u00fc, derindeki metal ve bo\u015fluklar\u0131 tespit edebilen bir define dedekt\u00f6r\u00fcne, isterse de sesli metal ayr\u0131m\u0131 yapabilen, tek para ve tak\u0131 gibi k\u00fc\u00e7\u00fck metallere daha duyarl\u0131 olan \u00e7ok h\u0131zl\u0131 bir dedekt\u00f6re sahip olabilir.<\/p>\n<h3>MOD 1 ARAMA S\u0130STEM\u0130<\/h3>\n<p>Sallamas\u0131z (non-motion), metal ve bo\u015fluk tespiti yapabilen, g\u00f6r\u00fcnt\u00fcl\u00fc define dedekt\u00f6r\u00fc modu Bu modda sallamas\u0131z olarak (non-motion) kullan\u0131lan T44 standart arama ba\u015fl\u0131\u011f\u0131 (36 x 44 cm) ile di\u011fer dedekt\u00f6rlerle daha \u00f6nceden taranm\u0131\u015f b\u00f6lgelerde bulunamam\u0131\u015f olan defineleri rahatl\u0131kla tespit edebilirsiniz. Ayr\u0131ca, daha fazla derinlik isteyen kullan\u0131c\u0131lar i\u00e7in tasarlanm\u0131\u015f olan T100 opsiyonel b\u00fcy\u00fck arama ba\u015fl\u0131\u011f\u0131 (60 x 100 cm) ile de daha b\u00fcy\u00fck hedefleri inan\u0131lmaz derinliklerden tespit etme olana\u011f\u0131 bulabilirsiniz. Bu mod amat\u00f6r ya da profesyonel t\u00fcm kullan\u0131c\u0131lar\u0131n rahatl\u0131kla kullanabilmesi i\u00e7in \u00f6zel olarak tasarlanm\u0131\u015f pratik ara y\u00fczlere sahiptir. Bu ara y\u00fczler sayesinde hem tespit etti\u011finiz hedefin 3D grafi\u011fini hem de metalin cinsini ve derinli\u011fini ekranda g\u00f6rebilirsiniz.<\/p>\n<blockquote><p>Mod 1 Aray\u00fczler<\/p><\/blockquote>\n<p>&nbsp;<\/p>\n<div id=\"mygallery_wrapper_27\" class=\"clearfix gallery-img-content\" data-gallery-id=\"27\" data-content-per-page=\"5\" data-rating-type=\"off\">\n<div id=\"mygallery_27\" class=\"mygallery clearfix view-justified justified-gallery\"><a class=\"gallery_group27 entry-visible gallery_responsive_lightbox\" title=\"\" href=\"https:\/\/www.noktadedektor.com\/wp-content\/uploads\/2018\/07\/mod-1-ekranlar-durum-ekrani.png\"> <img decoding=\"async\" id=\"wd-cl-img0\" class=\"watermark\" src=\"https:\/\/www.noktadedektor.com\/wp-content\/uploads\/2018\/07\/mod-1-ekranlar-durum-ekrani.png\" alt=\"\" data-src=\"\" data-imgsrc=\"https:\/\/www.noktadedektor.com\/wp-content\/uploads\/2018\/07\/mod-1-ekranlar-durum-ekrani.png\" \/> <\/a> <a class=\"gallery_group27 entry-visible gallery_responsive_lightbox\" title=\"\" href=\"https:\/\/www.noktadedektor.com\/wp-content\/uploads\/2018\/07\/mod-1-ekranlar-cap-1.png\"> <img decoding=\"async\" id=\"wd-cl-img1\" class=\"watermark\" src=\"https:\/\/www.noktadedektor.com\/wp-content\/uploads\/2018\/07\/mod-1-ekranlar-cap-1.png\" alt=\"\" data-src=\"\" data-imgsrc=\"https:\/\/www.noktadedektor.com\/wp-content\/uploads\/2018\/07\/mod-1-ekranlar-cap-1.png\" \/> <\/a> <a class=\"gallery_group27 entry-visible gallery_responsive_lightbox\" title=\"\" href=\"https:\/\/www.noktadedektor.com\/wp-content\/uploads\/2018\/07\/mod-1-ekranlar-cap-5.png\"> <img decoding=\"async\" id=\"wd-cl-img2\" class=\"watermark\" src=\"https:\/\/www.noktadedektor.com\/wp-content\/uploads\/2018\/07\/mod-1-ekranlar-cap-5.png\" alt=\"\" data-src=\"\" data-imgsrc=\"https:\/\/www.noktadedektor.com\/wp-content\/uploads\/2018\/07\/mod-1-ekranlar-cap-5.png\" \/> <\/a> <a class=\"gallery_group27 entry-visible gallery_responsive_lightbox\" title=\"\" href=\"https:\/\/www.noktadedektor.com\/wp-content\/uploads\/2018\/07\/mod-1-ekranlar-derinlik-raporu.png\"> <img decoding=\"async\" id=\"wd-cl-img3\" class=\"watermark\" src=\"https:\/\/www.noktadedektor.com\/wp-content\/uploads\/2018\/07\/mod-1-ekranlar-derinlik-raporu.png\" alt=\"\" data-src=\"\" data-imgsrc=\"https:\/\/www.noktadedektor.com\/wp-content\/uploads\/2018\/07\/mod-1-ekranlar-derinlik-raporu.png\" \/> <\/a> <a class=\"gallery_group27 entry-visible gallery_responsive_lightbox\" title=\"\" href=\"https:\/\/www.noktadedektor.com\/wp-content\/uploads\/2018\/07\/mod-1-ekranlar-zemin-ayari.png\"> <img decoding=\"async\" id=\"wd-cl-img4\" class=\"watermark\" src=\"https:\/\/www.noktadedektor.com\/wp-content\/uploads\/2018\/07\/mod-1-ekranlar-zemin-ayari.png\" alt=\"\" data-src=\"\" data-imgsrc=\"https:\/\/www.noktadedektor.com\/wp-content\/uploads\/2018\/07\/mod-1-ekranlar-zemin-ayari.png\" \/> <\/a> <a class=\"gallery_group27 entry-visible gallery_responsive_lightbox\" title=\"\" href=\"https:\/\/www.noktadedektor.com\/wp-content\/uploads\/2018\/07\/mod-1-ekranlar-arama-demir.png\"> <img decoding=\"async\" id=\"wd-cl-img5\" class=\"watermark\" src=\"https:\/\/www.noktadedektor.com\/wp-content\/uploads\/2018\/07\/mod-1-ekranlar-arama-demir.png\" alt=\"\" data-src=\"\" data-imgsrc=\"https:\/\/www.noktadedektor.com\/wp-content\/uploads\/2018\/07\/mod-1-ekranlar-arama-demir.png\" \/> <\/a> <a class=\"gallery_group27 entry-visible gallery_responsive_lightbox\" title=\"\" href=\"https:\/\/www.noktadedektor.com\/wp-content\/uploads\/2018\/07\/mod-1-ekranlar-arama.png\"> <img decoding=\"async\" id=\"wd-cl-img6\" class=\"watermark\" src=\"https:\/\/www.noktadedektor.com\/wp-content\/uploads\/2018\/07\/mod-1-ekranlar-arama.png\" alt=\"\" data-src=\"\" data-imgsrc=\"https:\/\/www.noktadedektor.com\/wp-content\/uploads\/2018\/07\/mod-1-ekranlar-arama.png\" \/> <\/a> <a class=\"gallery_group27 entry-visible gallery_responsive_lightbox\" title=\"\" href=\"https:\/\/www.noktadedektor.com\/wp-content\/uploads\/2018\/07\/mod-1-ekranlar-kayit-ekrani.png\"> <img decoding=\"async\" id=\"wd-cl-img7\" class=\"watermark\" src=\"https:\/\/www.noktadedektor.com\/wp-content\/uploads\/2018\/07\/mod-1-ekranlar-kayit-ekrani.png\" alt=\"\" data-src=\"\" data-imgsrc=\"https:\/\/www.noktadedektor.com\/wp-content\/uploads\/2018\/07\/mod-1-ekranlar-kayit-ekrani.png\" \/> <\/a> <a class=\"gallery_group27 entry-visible gallery_responsive_lightbox\" title=\"\" href=\"https:\/\/www.noktadedektor.com\/wp-content\/uploads\/2018\/07\/mod-1-ekranlar-rapor-ekrani.png\"> <img decoding=\"async\" id=\"wd-cl-img8\" class=\"watermark\" src=\"https:\/\/www.noktadedektor.com\/wp-content\/uploads\/2018\/07\/mod-1-ekranlar-rapor-ekrani.png\" alt=\"\" data-src=\"\" data-imgsrc=\"https:\/\/www.noktadedektor.com\/wp-content\/uploads\/2018\/07\/mod-1-ekranlar-rapor-ekrani.png\" \/> <\/a><\/div>\n<\/div>\n<p>&nbsp;<\/p>\n<h4>M\u00dcKEMMEL METAL AYIRIMI ve 3D HEDEF GRAF\u0130\u011e\u0130<\/h4>\n<p>Hedef tespitinden sonra al\u0131nan rapor ekran\u0131nda hedefin 3D grafi\u011fi ayr\u0131ca metal ayr\u0131m\u0131 g\u00f6r\u00fclebilir. Deephunter dedekt\u00f6r m\u00fckemmel metal ayr\u0131m\u0131 sayesinde tespit edilen metalin cinsini alt\u0131n, de\u011ferli, demir ve \u00e7elik olarak d\u00f6rt farkl\u0131 grupta bildirir.<\/p>\n<h4>BO\u015eLUK TESP\u0130T\u0130<\/h4>\n<p>Metal tespiti ve ayr\u0131m\u0131ndaki ba\u015far\u0131s\u0131n\u0131n yan\u0131 s\u0131ra, bo\u015fluk tespiti ve bo\u015fluk i\u00e7erisindeki metallerin ayr\u0131mlar\u0131n\u0131 yapabilme yetene\u011fi ile de ma\u011fara, mahzen, t\u00fcnel, s\u0131\u011f\u0131nak ve mezar gibi yap\u0131lar\u0131 kullan\u0131c\u0131s\u0131na 3D grafik g\u00f6r\u00fcnt\u00fcleri ve farkl\u0131 ses tonlar\u0131 ile bildirir.<\/p>\n<h4>DER\u0130NL\u0130K TESP\u0130T\u0130<\/h4>\n<p>Tespit edilen hedefin derinli\u011fini &#8220;cm&#8221; cinsinden olduk\u00e7a do\u011fru ve ba\u015far\u0131l\u0131 bir \u015fekilde kullan\u0131c\u0131s\u0131na ekranda g\u00f6sterir.<\/p>\n<h4>DEM\u0130R RET<\/h4>\n<p>Deephunter dedekt\u00f6r demir ret \u00f6zelli\u011fi ile demir i\u00e7erikli (de\u011fersiz) ve at\u0131k metalleri eleyerek, sadece de\u011ferli metalleri tespit edebilme \u00f6zelli\u011fi sayesinde kullan\u0131c\u0131s\u0131na rahat ve pratik bir arama imkan\u0131 sunar.<\/p>\n<h4>HEDEF\u0130N S\u0130NYAL GRAF\u0130\u011e\u0130<\/h4>\n<p>Mod 1\u2019de osiloskop sistemi, hedefin sinyal grafi\u011fini e\u015f zamanl\u0131 olarak ekranda verir. Cismin yakla\u015f\u0131k olarak derinli\u011finden haberdar olabilirsiniz.<\/p>\n<h3>MOD 2 ARAMA S\u0130STEM\u0130<\/h3>\n<p>Sallamal\u0131 (motion), \u00e7ok h\u0131zl\u0131 ve derinden k\u00fc\u00e7\u00fck metalleri tespit edebilen, sesli tek para dedekt\u00f6r\u00fc modu Bu modda sallamal\u0131 olarak (motion) kullan\u0131lan C32 standart arama ba\u015fl\u0131\u011f\u0131 (26 x 32 cm) ile tek para, tak\u0131, s\u00fcs e\u015fyas\u0131 ve di\u011fer k\u00fc\u00e7\u00fck objeleri ba\u015fka dedekt\u00f6rlerin ula\u015famad\u0131klar\u0131 derinliklerden kolayca tespit edebilirsiniz. \u0130sterseniz mod 1\u2019de oldu\u011fu gibi, C47 opsiyonel b\u00fcy\u00fck arama ba\u015fl\u0131\u011f\u0131n\u0131 (39 x 47 cm) kullanarak daha derindeki ve b\u00fcy\u00fck hedeflere de ula\u015fabilirsiniz. Kolay bir kullan\u0131ma ve metal ayr\u0131m\u0131na sahip bu sistem bulunan metali alt\u0131n, de\u011ferli ve de\u011fersiz olarak 3 farkl\u0131 ses tonu ile ay\u0131r\u0131r.<\/p>\n<h4>M\u0130NERALL\u0130 TOPRAKLARDA Y\u00dcKSEK PERFORMANS<\/h4>\n<p>Deephunter\u00ae\u2019\u0131n Mod 2\u2019de kullan\u0131lan, y\u00fcksek mineralli zeminler i\u00e7in tasarlanm\u0131\u015f \u00f6zel ayarlar\u0131 sayesinde her t\u00fcrl\u00fc arazi yap\u0131s\u0131nda kolayl\u0131kla arama yap\u0131labilir. \u00d6zellikle demir minerali i\u00e7eren y\u00fcksek mineralli topraklarda (plaj, \u0131slak kum, s\u00fcr\u00fclm\u00fc\u015f toprak, vb.) demir ayarlar\u0131n\u0131 kullanarak bu minerallerden gelen parazitleri yok ederek cihaz\u0131n do\u011fru sinyal vermesini sa\u011flar.<\/p>\n<h4>DEM\u0130R ELEME<\/h4>\n<p>T\u0131pk\u0131 Mod 1&#8217;de oldu\u011fu gibi bu modda da demir eleme \u00f6zelli\u011fi kullan\u0131larak demir i\u00e7erikli (de\u011fersiz) ve at\u0131k metaller elenir ve sadece de\u011ferli metallerin tespiti sa\u011flan\u0131r. Bu \u015fekilde aramak istemedi\u011finiz metalleri eleyip aramalar\u0131n\u0131z\u0131 h\u0131zland\u0131rabilirsiniz.<\/p>\n<h4>3 FARKLI TONDA METAL AYIRIMI<\/h4>\n<p>Mod 2 \u00e7ok net ve kolay anla\u015f\u0131l\u0131r bir metal ayr\u0131m\u0131 sistemine sahiptir. Tespit edilen metalleri 3 farkl\u0131 ses tonu ile kullan\u0131c\u0131s\u0131na bildirir. Demir i\u00e7in kal\u0131n tonda, de\u011ferli ve alt\u0131n i\u00e7in ise birbirine yak\u0131n 2 ince tonda uyar\u0131 sesi verir.<\/p>\n<h4>PRAT\u0130K VE KOLAY KULLANIM<\/h4>\n<p>Mod 2, ister profesyonel ister amat\u00f6r t\u00fcm kullan\u0131c\u0131lar\u0131n kolayl\u0131kla kullanabilecekleri ve hedef tespitinde sadece sesli uyar\u0131 vererek \u00e7ok h\u0131zl\u0131 arama yapabilecekleri \u015fekilde tasarlanm\u0131\u015ft\u0131r.<\/p>\n<h4>Cihaz Dili: T\u00fcrk\u00e7e<\/h4>\n<p><img fetchpriority=\"high\" decoding=\"async\" src=\"https:\/\/www.noktadedektor.com\/wp-content\/uploads\/2021\/04\/nokta-makro-dedektor-deephunter-pro-paket-icerigi.jpg\" alt=\"DeepHunter 3D PRO Paket \u0130\u00e7eri\u011fi\" width=\"1000\" height=\"617\" \/><\/p>\n<h3>Deephunter 3D PRO Paket \u0130\u00e7eri\u011fi<\/h3>\n<p>1 \u2013 Sistem Kutusu<br \/>\n2 \u2013 Arama Kolu<br \/>\n3 \u2013 Deephunter 3D DD Arama Ba\u015fl\u0131\u011f\u0131 44&#215;36 cm (T44)<br \/>\n4 \u2013 Deephunter 3D DD Arama Ba\u015fl\u0131\u011f\u0131 100&#215;60 cm (T100)<br \/>\n5 \u2013 T100 DD Arama Ba\u015fl\u0131\u011f\u0131 Ta\u015f\u0131ma \u00c7antas\u0131<br \/>\n6 \u2013 Deephunter 3D DD Arama Ba\u015fl\u0131\u011f\u0131 47&#215;39 cm (C47) ve Kapa\u011f\u0131<br \/>\n7 \u2013 Deephunter 3D DD Arama Ba\u015fl\u0131\u011f\u0131 32&#215;26 cm (C32) ve Kapa\u011f\u0131<br \/>\n8 \u2013 Sistem Kutusu Deri Ta\u015f\u0131ma \u00c7antas\u0131<br \/>\n9 \u2013 Ta\u015f\u0131ma Yele\u011fi<br \/>\n10 \u2013 Elcek Ara Kablosu<br \/>\n11 \u2013 Kulakl\u0131k<br \/>\n12 \u2013 T100 DD Arama Ba\u015fl\u0131\u011f\u0131 Kontrol \u00dcnitesi<br \/>\n13 \u2013 \u015earj Cihaz\u0131<br \/>\n14 \u2013 Lityum Polimer Batarya<br \/>\n15 \u2013 Ara\u00e7 \u015earj Cihaz\u0131<br \/>\n16 \u2013 Kullan\u0131m K\u0131lavuzu ve DVD<br \/>\n17 \u2013 Arama Ba\u015fl\u0131\u011f\u0131 Ba\u011flant\u0131 Kiti<br \/>\n18 \u2013 Ta\u015f\u0131ma \u00c7antas\u0131<\/p>\n","protected":false},"excerpt":{"rendered":"<p>DEF\u0130NE ve TEK PARA DEDEKT\u00d6R\u00dc B\u0130R ARADA<\/p>\n","protected":false},"featured_media":599,"comment_status":"open","ping_status":"closed","template":"","meta":[],"product_brand":[49],"product_cat":[21,22,25,15,56],"product_tag":[],"class_list":{"0":"post-729","1":"product","2":"type-product","3":"status-publish","4":"has-post-thumbnail","6":"product_brand-nokta","7":"product_cat-all","8":"product_cat-dedektorler","9":"product_cat-define","10":"product_cat-genel","11":"product_cat-nokta-urunleri","13":"first","14":"instock","15":"taxable","16":"shipping-taxable","17":"purchasable","18":"product-type-simple"},"_links":{"self":[{"href":"https:\/\/ankadedektor.com\/index.php\/wp-json\/wp\/v2\/product\/729","targetHints":{"allow":["GET"]}}],"collection":[{"href":"https:\/\/ankadedektor.com\/index.php\/wp-json\/wp\/v2\/product"}],"about":[{"href":"https:\/\/ankadedektor.com\/index.php\/wp-json\/wp\/v2\/types\/product"}],"replies":[{"embeddable":true,"href":"https:\/\/ankadedektor.com\/index.php\/wp-json\/wp\/v2\/comments?post=729"}],"wp:featuredmedia":[{"embeddable":true,"href":"https:\/\/ankadedektor.com\/index.php\/wp-json\/wp\/v2\/media\/599"}],"wp:attachment":[{"href":"https:\/\/ankadedektor.com\/index.php\/wp-json\/wp\/v2\/media?parent=729"}],"wp:term":[{"taxonomy":"product_brand","embeddable":true,"href":"https:\/\/ankadedektor.com\/index.php\/wp-json\/wp\/v2\/product_brand?post=729"},{"taxonomy":"product_cat","embeddable":true,"href":"https:\/\/ankadedektor.com\/index.php\/wp-json\/wp\/v2\/product_cat?post=729"},{"taxonomy":"product_tag","embeddable":true,"href":"https:\/\/ankadedektor.com\/index.php\/wp-json\/wp\/v2\/product_tag?post=729"}],"curies":[{"name":"wp","href":"https:\/\/api.w.org\/{rel}","templated":true}]}}