{"id":726,"date":"2025-03-27T12:33:34","date_gmt":"2025-03-27T09:33:34","guid":{"rendered":"http:\/\/localhost\/anka_new\/?post_type=product&#038;p=726"},"modified":"2025-03-28T12:07:46","modified_gmt":"2025-03-28T09:07:46","slug":"gold-kruzer","status":"publish","type":"product","link":"https:\/\/ankadedektor.com\/index.php\/urun\/gold-kruzer\/","title":{"rendered":"Gold Kruzer"},"content":{"rendered":"<section id=\"genel-bks\" class=\"tab-content initial\">\n<article class=\"yaser-baba\">\n<div class=\"text-wrap genel_bakis\">\n<p><img decoding=\"async\" data-src=\"https:\/\/www.noktadedektor.com\/wp-content\/uploads\/2018\/07\/gold-kruzer-ust.jpg\" alt=\"Gold Kruzer Alt\u0131n Dedekt\u00f6r\u00fc\" width=\"900\" src=\"data:image\/svg+xml;base64,PHN2ZyB3aWR0aD0iMSIgaGVpZ2h0PSIxIiB4bWxucz0iaHR0cDovL3d3dy53My5vcmcvMjAwMC9zdmciPjwvc3ZnPg==\" class=\"lazyload\" \/><\/p>\n<h3>ALTIN ARAMANIN EN \u0130Y\u0130 YOLU!<\/h3>\n<p>61kHz y\u00fcksek frekansta \u00e7al\u0131\u015fan <strong>Gold Kruzer<\/strong> en k\u00fc\u00e7\u00fck do\u011fal alt\u0131n par\u00e7ac\u0131klar\u0131na olan hassasiyeti ile taranm\u0131\u015f alt\u0131n sahalar\u0131n\u0131 tekrar canland\u0131racak. Y\u00fcksek mineralli ta\u015flar ve zorlu zemin \u015fartlar\u0131ndaki benzersiz performans\u0131n\u0131n yan\u0131 s\u0131ra sa\u011flam ve su ge\u00e7irmez tasar\u0131m\u0131 ile Gold Kruzer en geli\u015fmi\u015f alt\u0131n ve mikro tak\u0131 dedekt\u00f6r\u00fcd\u00fcr.<\/p>\n<hr \/>\n<ul class=\"det-icn\">\n<li style=\"list-style-type: none;\">\n<ul class=\"det-icn\">\n<li><span class=\"nm-icn-txt\"><span class=\"det-icn-bslk\">IP68<\/span><br \/>\nHer y\u00f6nden toz giri\u015fine kar\u015f\u0131 korumal\u0131 ve 5 metreye kadar su ge\u00e7irmez.<\/span><\/li>\n<li><span class=\"nm-icn-txt\"><span class=\"det-icn-bslk\">M\u00fckemmel Ayr\u0131m Kabiliyeti<\/span><br \/>\nSadece arad\u0131\u011f\u0131n\u0131z hedefleri bulun ve istemedi\u011finiz metalleri kazmak i\u00e7in zaman harcamay\u0131n.<\/span><\/li>\n<li><span class=\"nm-icn-txt\"><span class=\"det-icn-bslk\">Y\u00fcksek Performans ve E\u015fsiz Derinlik<\/span><br \/>\nDi\u011fer dedekt\u00f6rlerin tespit edemedi\u011fi, derindeki tek para ve kal\u0131nt\u0131lar\u0131 siz \u00e7\u0131kart\u0131n.<\/span><\/li>\n<li><span class=\"nm-icn-txt\"><span class=\"det-icn-bslk\">4 Arama Modu<\/span><br \/>\nGen (T\u00fcm Metaller) \/ H\u0131zl\u0131 \/ Derin \/ Mikro<\/span><\/li>\n<\/ul>\n<\/li>\n<\/ul>\n<p><img fetchpriority=\"high\" decoding=\"async\" class=\"aligncenter\" src=\"https:\/\/www.noktadedektor.com\/wp-content\/uploads\/2018\/07\/gold_kruzer_detector_in_africa.jpg\" alt=\"Gold Kruzer Afrika\" width=\"1065\" height=\"588\" \/><\/p>\n<ul class=\"det-icn\">\n<li style=\"list-style-type: none;\">\n<ul class=\"det-icn\">\n<li><span class=\"nm-icn-txt\"><span class=\"det-icn-bslk\">YEN\u0130! E.U.D Fonksiyonu<\/span><br \/>\nEkstra Yeralt\u0131 Derinli\u011fi &#8211; Toprak \u015fartlar\u0131 y\u00fcz\u00fcnden maskelenmi\u015f veya s\u0131n\u0131r derinlikteki hedefleri tespit edin.<\/span><\/li>\n<li><span class=\"nm-icn-txt\"><span class=\"det-icn-bslk\">2.4 GHz Kablosuz Kulakl\u0131k Dahil<a title=\"Kablosuz kulakl\u0131k su ge\u00e7irmez de\u011fildir ve su alt\u0131nda kullan\u0131lamaz.\">*<\/a><\/span><br \/>\nGecikmesiz kablosuz \u00f6zg\u00fcrl\u00fc\u011f\u00fcn tad\u0131n\u0131 \u00e7\u0131kar\u0131n.<\/span><\/li>\n<li><span class=\"nm-icn-txt\"><span class=\"det-icn-bslk\">\u0130nternetten Yaz\u0131l\u0131m G\u00fcncelleme<\/span><br \/>\nDedekt\u00f6r\u00fcn\u00fcz\u00fc her zaman g\u00fcncel tutarak (PC \u00fczerinden USB ba\u011flant\u0131s\u0131 ile) ondan en iyi performans\u0131 al\u0131n.<\/span><\/li>\n<\/ul>\n<\/li>\n<\/ul>\n<p><img decoding=\"async\" class=\"aligncenter lazyload\" data-src=\"https:\/\/www.noktadedektor.com\/wp-content\/uploads\/2018\/07\/gold_kruzer_detector_in_lake.jpg\" alt=\"Gold Kruzer Suda\" width=\"1077\" height=\"491\" src=\"data:image\/svg+xml;base64,PHN2ZyB3aWR0aD0iMSIgaGVpZ2h0PSIxIiB4bWxucz0iaHR0cDovL3d3dy53My5vcmcvMjAwMC9zdmciPjwvc3ZnPg==\" style=\"--smush-placeholder-width: 1077px; --smush-placeholder-aspect-ratio: 1077\/491;\" \/><\/p>\n<ul class=\"det-icn\">\n<li><span class=\"nm-icn-txt\"><span class=\"det-icn-bslk\">Hafif (1.4kg)<\/span><br \/>\nYorulmadan uzun saatler boyunca arama yapman\u0131n keyfini ya\u015fay\u0131n.<\/span><\/li>\n<li><span class=\"nm-icn-txt\"><span class=\"det-icn-bslk\">Dahili Lipo Batarya<\/span><br \/>\nDedekt\u00f6rle birlikte gelen \u015farj aleti ile veya USB powerbank ile kolayca \u015farj edin. 19 saate kadar kullan\u0131m sa\u011flar.<\/span><\/li>\n<\/ul>\n<hr \/>\n<p><span style=\"color: #ff0000;\"><a style=\"color: #ff0000;\">* Kablosuz kulakl\u0131k su ge\u00e7irmez de\u011fildir ve su alt\u0131nda kullan\u0131lamaz.<\/a><\/span><\/p>\n<\/div>\n<\/article>\n<\/section>\n","protected":false},"excerpt":{"rendered":"<p>ALTIN ARAMANIN EN \u0130Y\u0130 YOLU! 61kHz y\u00fcksek frekansta \u00e7al\u0131\u015fan Gold Kruzer en k\u00fc\u00e7\u00fck do\u011fal alt\u0131n par\u00e7ac\u0131klar\u0131na olan hassasiyeti ile taranm\u0131\u015f alt\u0131n sahalar\u0131n\u0131 tekrar canland\u0131racak. Y\u00fcksek mineralli ta\u015flar ve zorlu zemin \u015fartlar\u0131ndaki benzersiz performans\u0131n\u0131n yan\u0131 s\u0131ra sa\u011flam ve su ge\u00e7irmez tasar\u0131m\u0131 ile Gold Kruzer en geli\u015fmi\u015f alt\u0131n ve mikro tak\u0131 dedekt\u00f6r\u00fcd\u00fcr. IP68 Her y\u00f6nden toz giri\u015fine [&hellip;]<\/p>\n","protected":false},"featured_media":603,"comment_status":"open","ping_status":"closed","template":"","meta":[],"product_brand":[49],"product_cat":[21,23,15,56],"product_tag":[71,69,67,63,68],"class_list":{"0":"post-726","1":"product","2":"type-product","3":"status-publish","4":"has-post-thumbnail","6":"product_brand-nokta","7":"product_cat-all","8":"product_cat-altin","9":"product_cat-genel","10":"product_cat-nokta-urunleri","11":"product_tag-anka-dedektor","12":"product_tag-ankadedektor","13":"product_tag-baskent-dedektor","14":"product_tag-dedektor","15":"product_tag-nokta-dedektor","17":"first","18":"instock","19":"taxable","20":"shipping-taxable","21":"purchasable","22":"product-type-simple"},"_links":{"self":[{"href":"https:\/\/ankadedektor.com\/index.php\/wp-json\/wp\/v2\/product\/726","targetHints":{"allow":["GET"]}}],"collection":[{"href":"https:\/\/ankadedektor.com\/index.php\/wp-json\/wp\/v2\/product"}],"about":[{"href":"https:\/\/ankadedektor.com\/index.php\/wp-json\/wp\/v2\/types\/product"}],"replies":[{"embeddable":true,"href":"https:\/\/ankadedektor.com\/index.php\/wp-json\/wp\/v2\/comments?post=726"}],"wp:featuredmedia":[{"embeddable":true,"href":"https:\/\/ankadedektor.com\/index.php\/wp-json\/wp\/v2\/media\/603"}],"wp:attachment":[{"href":"https:\/\/ankadedektor.com\/index.php\/wp-json\/wp\/v2\/media?parent=726"}],"wp:term":[{"taxonomy":"product_brand","embeddable":true,"href":"https:\/\/ankadedektor.com\/index.php\/wp-json\/wp\/v2\/product_brand?post=726"},{"taxonomy":"product_cat","embeddable":true,"href":"https:\/\/ankadedektor.com\/index.php\/wp-json\/wp\/v2\/product_cat?post=726"},{"taxonomy":"product_tag","embeddable":true,"href":"https:\/\/ankadedektor.com\/index.php\/wp-json\/wp\/v2\/product_tag?post=726"}],"curies":[{"name":"wp","href":"https:\/\/api.w.org\/{rel}","templated":true}]}}