{"id":724,"date":"2025-03-27T12:19:10","date_gmt":"2025-03-27T09:19:10","guid":{"rendered":"http:\/\/localhost\/anka_new\/?post_type=product&#038;p=724"},"modified":"2025-06-02T15:53:21","modified_gmt":"2025-06-02T12:53:21","slug":"simplex-lite-sx28","status":"publish","type":"product","link":"https:\/\/ankadedektor.com\/index.php\/urun\/simplex-lite-sx28\/","title":{"rendered":"Simplex LITE SX28"},"content":{"rendered":"<h2>SIMPLEX YEN\u0130 NES\u0130L<\/h2>\n<h4>\u00dcST SEGMENT DEDEKT\u00d6R \u00d6ZELL\u0130KLER\u0130 VE DER\u0130NL\u0130\u011e\u0130N\u0130 D\u00dcNYADA EN UYGUN F\u0130YATA SUNAN DEDEKT\u00d6R!<\/h4>\n<div class=\"patented-design-banner-anim\"><img fetchpriority=\"high\" decoding=\"async\" src=\"https:\/\/www.noktadedektor.com\/wp-content\/uploads\/2023\/06\/simplex-lite-sx28-banner.webp\" alt=\"Simplex LITE SX28 Bobinli - Banner\" width=\"910\" height=\"1200\" \/><\/div>\n<div class=\"pd-text\">D\u00dcNYACA \u00dcNL\u00dc NOKTA SIMPLEX METAL DEDEKT\u00d6R\u00dc A\u011eIRLIKTA HAF\u0130FLERKEN \u00d6ZELL\u0130KLER A\u00c7ISINDAN A\u011eIRLA\u015eTI!<\/div>\n<p>Nokta&#8217;n\u0131n SIMPLEX Yeni Nesil serisi g\u00f6z al\u0131c\u0131 bir estetik, geli\u015fmi\u015f teknik performans, 5 m&#8217;ye kadar tamamen su ge\u00e7irmezlik ve 1,2 kg&#8217;l\u0131k etkileyici bir hafiflik sunar.<\/p>\n<p>SIMPLEX farkl\u0131 fiyat seviyelerinde \u00fc\u00e7 farkl\u0131 model sunarak, kaliteli dedekt\u00f6r kullan\u0131m\u0131n\u0131 m\u00fcmk\u00fcn ve makul fiyata sat\u0131n al\u0131nabilir k\u0131lmaya devam ederek rakipsizli\u011fini koruyor. \u0130ster dedekt\u00f6r kullanmaya yeni ba\u015flayan biri olun, isterseniz de uygun fiyatl\u0131 fakat g\u00fc\u00e7l\u00fc bir dedekt\u00f6r isteyen bir kullan\u0131c\u0131, SIMPLEX Yeni Nesil seride size uygun bir dedekt\u00f6r mutlaka bulacaks\u0131n\u0131z!<\/p>\n<p><strong>Simplex bir\u00e7ok y\u00f6nden geli\u015fti:<\/strong> Donan\u0131m, yaz\u0131l\u0131m, tasar\u0131m ve ergonomi&#8230;<\/p>\n<p><strong>Ancak bir \u015fey de\u011fi\u015fmedi:<\/strong> M\u00fc\u015fterilerini \u00f6nemseyen bir firman\u0131n arkas\u0131nda oldu\u011fu, d\u00fcnya \u00e7ap\u0131nda kan\u0131tlanm\u0131\u015f performans\u0131 ve ba\u015far\u0131s\u0131!<\/p>\n<div class=\"karsilastir-btn-div\"><a class=\"karsilastir-btn\" title=\"Kar\u015f\u0131la\u015ft\u0131rma Tablosu\" href=\"https:\/\/www.noktadedektor.com\/dedektor\/simplex-lite-sx28-bobinli\/#c_chart\">Kar\u015f\u0131la\u015ft\u0131rma Tablosu (Simplex Yeni Nesil)<\/a><\/div>\n<hr \/>\n<ul class=\"det-icn\">\n<li><span class=\"nm-icn-txt\"><span class=\"det-icn-bslk\">IP68<\/span><br \/>\nHer y\u00f6nden toz giri\u015fine kar\u015f\u0131 korumal\u0131 ve 5 metreye kadar su ge\u00e7irmez.<\/span><\/li>\n<li><span class=\"nm-icn-txt\"><span class=\"det-icn-bslk\">Arama Modlar\u0131<\/span><br \/>\nArazi, Park, Plaj, T\u00fcm Metaller<\/span><\/li>\n<li><span class=\"nm-icn-txt\"><span class=\"det-icn-bslk\">Kolay Kullan\u0131m<\/span><br \/>\nSIMPLEX&#8217;in tek ekranda kolay kullan\u0131m \u00f6zelli\u011fi sayesinde, cihaz\u0131n\u0131z\u0131 a\u00e7arak hemen kullanmaya ba\u015flayabilirsiniz.<\/span><\/li>\n<\/ul>\n<div class=\"photo\"><img decoding=\"async\" data-src=\"https:\/\/www.noktadedektor.com\/wp-content\/uploads\/2023\/06\/nokta-simplex-yeni-nesil-dis-mekan-fotograf-2.webp\" alt=\"Nokta Yeni Nesil Simplex D\u0131\u015f Mekan Foto\u011fraf\u0131 - 2\" width=\"1200\" height=\"900\" src=\"data:image\/svg+xml;base64,PHN2ZyB3aWR0aD0iMSIgaGVpZ2h0PSIxIiB4bWxucz0iaHR0cDovL3d3dy53My5vcmcvMjAwMC9zdmciPjwvc3ZnPg==\" class=\"lazyload\" style=\"--smush-placeholder-width: 1200px; --smush-placeholder-aspect-ratio: 1200\/900;\" \/><\/div>\n<ul class=\"det-icn\">\n<li><span class=\"nm-icn-txt\"><span class=\"det-icn-bslk\">Ayr\u0131m Ayar\u0131<\/span><br \/>\n\u0130stenmeyen metallerin Hedef ID&#8217;lerini kapat\u0131r.<\/span><\/li>\n<li><span class=\"nm-icn-txt\"><span class=\"det-icn-bslk\">Frekans Kayd\u0131rma<\/span><br \/>\nFrekans\u0131 k\u00fc\u00e7\u00fck ad\u0131mlarla kayd\u0131rarak elektromanyetik parazitten kolayca kurtulun.<\/span><\/li>\n<li><span class=\"nm-icn-txt\"><span class=\"det-icn-bslk\">Titre\u015fim<\/span><br \/>\nSIMPLEX bir hedef buldu\u011funda titre\u015fim ile uyar\u0131r! Hem su alt\u0131 kullan\u0131m i\u00e7in hem de i\u015fitme engelli kullan\u0131c\u0131lar i\u00e7in ideal.<\/span><\/li>\n<\/ul>\n<div class=\"photo\"><img decoding=\"async\" data-src=\"https:\/\/www.noktadedektor.com\/wp-content\/uploads\/2023\/06\/nokta-simplex-yeni-nesil-dis-mekan-fotograf-3.webp\" alt=\"Nokta Yeni Nesil Simplex D\u0131\u015f Mekan Foto\u011fraf\u0131 - 3\" width=\"1200\" height=\"900\" src=\"data:image\/svg+xml;base64,PHN2ZyB3aWR0aD0iMSIgaGVpZ2h0PSIxIiB4bWxucz0iaHR0cDovL3d3dy53My5vcmcvMjAwMC9zdmciPjwvc3ZnPg==\" class=\"lazyload\" style=\"--smush-placeholder-width: 1200px; --smush-placeholder-aspect-ratio: 1200\/900;\" \/><\/div>\n<ul class=\"det-icn\">\n<li><span class=\"nm-icn-txt\"><span class=\"det-icn-bslk\">Gece ve Su Alt\u0131 Kullan\u0131m\u0131 \u0130\u00e7in M\u00fckemmel Ayd\u0131nlatma<\/span><br \/>\nSIMPLEX&#8217;te hepsi var &#8211; Ekran Arka Ayd\u0131nlatma, Tu\u015f Tak\u0131m\u0131 Arka Ayd\u0131nlatma ve LED Fener<\/span><\/li>\n<li><span class=\"nm-icn-txt\"><span class=\"det-icn-bslk\">Teleskopik Boru<\/span><br \/>\nKolayca ta\u015f\u0131ma ve su alt\u0131 kullan\u0131m\u0131 i\u00e7in 63 cm&#8217;e kadar k\u00fc\u00e7\u00fclebilir arama kolu<\/span><\/li>\n<li><span class=\"nm-icn-txt\"><span class=\"det-icn-bslk\">Hafif (1.2kg)<\/span><br \/>\nYorulmadan uzun saatler boyunca arama yapman\u0131n keyfini ya\u015fay\u0131n.<\/span><\/li>\n<\/ul>\n<div class=\"photo\"><img decoding=\"async\" data-src=\"https:\/\/www.noktadedektor.com\/wp-content\/uploads\/2023\/06\/nokta-simplex-yeni-nesil-dis-mekan-fotograf-1.webp\" alt=\"Nokta Yeni Nesil Simplex D\u0131\u015f Mekan Foto\u011fraf\u0131 - 1\" width=\"1200\" height=\"900\" src=\"data:image\/svg+xml;base64,PHN2ZyB3aWR0aD0iMSIgaGVpZ2h0PSIxIiB4bWxucz0iaHR0cDovL3d3dy53My5vcmcvMjAwMC9zdmciPjwvc3ZnPg==\" class=\"lazyload\" style=\"--smush-placeholder-width: 1200px; --smush-placeholder-aspect-ratio: 1200\/900;\" \/><\/div>\n<ul class=\"det-icn\">\n<li><span class=\"nm-icn-txt\"><span class=\"det-icn-bslk\">Dahili Lipo Batarya<\/span><br \/>\nDedekt\u00f6rle birlikte gelen USB \u015farj kablosu veya powerbank ile kolayca \u015farj edin.<\/span><\/li>\n<li><span class=\"nm-icn-txt\"><span class=\"det-icn-bslk\">\u0130nternetten Yaz\u0131l\u0131m G\u00fcncelleme<\/span><br \/>\nDedekt\u00f6r\u00fcn\u00fcz\u00fc her zaman g\u00fcncel tutarak (PC \u00fczerinden USB ba\u011flant\u0131s\u0131 ile) en iyi performans\u0131 al\u0131n.<\/span><\/li>\n<\/ul>\n<div id=\"c_chart\">\n<h3>Kar\u015f\u0131la\u015ft\u0131rma Tablosu (Simplex Yeni Nesil)<\/h3>\n<p>&nbsp;<\/p>\n<table id=\"tablepress-20\" class=\"tablepress tablepress-id-20\">\n<thead>\n<tr class=\"row-1\">\n<td class=\"column-1\"><\/td>\n<th class=\"column-2\"><img decoding=\"async\" data-src=\"https:\/\/www.noktadedektor.com\/wp-content\/uploads\/2023\/06\/simplex-lite-ekran.webp\" alt=\"Nokta Simplex Lite Ekran\" width=\"316\" height=\"632\" src=\"data:image\/svg+xml;base64,PHN2ZyB3aWR0aD0iMSIgaGVpZ2h0PSIxIiB4bWxucz0iaHR0cDovL3d3dy53My5vcmcvMjAwMC9zdmciPjwvc3ZnPg==\" class=\"lazyload\" style=\"--smush-placeholder-width: 316px; --smush-placeholder-aspect-ratio: 316\/632;\" \/><\/th>\n<th class=\"column-3\"><img decoding=\"async\" data-src=\"https:\/\/www.noktadedektor.com\/wp-content\/uploads\/2023\/06\/simplex-bt-ekran.webp\" alt=\"Nokta Simplex BT Ekran\" width=\"100%\" src=\"data:image\/svg+xml;base64,PHN2ZyB3aWR0aD0iMSIgaGVpZ2h0PSIxIiB4bWxucz0iaHR0cDovL3d3dy53My5vcmcvMjAwMC9zdmciPjwvc3ZnPg==\" class=\"lazyload\" \/><\/th>\n<th class=\"column-4\"><img decoding=\"async\" data-src=\"https:\/\/www.noktadedektor.com\/wp-content\/uploads\/2023\/06\/simplex-ultra-ekran.webp\" alt=\"Nokta Simplex ULTRA Ekran\" width=\"100%\" src=\"data:image\/svg+xml;base64,PHN2ZyB3aWR0aD0iMSIgaGVpZ2h0PSIxIiB4bWxucz0iaHR0cDovL3d3dy53My5vcmcvMjAwMC9zdmciPjwvc3ZnPg==\" class=\"lazyload\" \/><\/th>\n<\/tr>\n<\/thead>\n<tbody class=\"row-striping row-hover\">\n<tr class=\"row-2\">\n<td class=\"column-1\"><strong>Model<\/strong><\/td>\n<td class=\"column-2\">Simplex LITE &amp;<br \/>\nLITE SX28 Bobinli<\/td>\n<td class=\"column-3\">Simplex BT<\/td>\n<td class=\"column-4\">Simplex ULTRA<\/td>\n<\/tr>\n<tr class=\"row-3\">\n<td class=\"column-1\"><strong>\u00c7al\u0131\u015fma Frekans\u0131<\/strong><\/td>\n<td class=\"column-2\">15kHz<\/td>\n<td class=\"column-3\">15kHz<\/td>\n<td class=\"column-4\">15kHz<\/td>\n<\/tr>\n<tr class=\"row-4\">\n<td class=\"column-1\"><strong>Bluetooth Ba\u011flant\u0131<\/strong><\/td>\n<td class=\"column-2\">\u274c<\/td>\n<td class=\"column-3\">\u2714<\/td>\n<td class=\"column-4\">\u2714<\/td>\n<\/tr>\n<tr class=\"row-5\">\n<td class=\"column-1\"><strong>Arama Modlar\u0131<\/strong><\/td>\n<td class=\"column-2\">Arazi, Park, Plaj, T\u00fcm Metaller<\/td>\n<td class=\"column-3\">Arazi, Park 1, Park 2, Plaj, T\u00fcm Metaller<\/td>\n<td class=\"column-4\">Arazi, Park, 4 Ton, 99 Ton, Plaj, T\u00fcm Metaller<\/td>\n<\/tr>\n<tr class=\"row-6\">\n<td class=\"column-1\"><strong>Pinpoint<\/strong><\/td>\n<td class=\"column-2\">\u2714<\/td>\n<td class=\"column-3\">\u2714<\/td>\n<td class=\"column-4\">\u2714<\/td>\n<\/tr>\n<tr class=\"row-7\">\n<td class=\"column-1\"><strong>Hedef ID<\/strong><\/td>\n<td class=\"column-2\">01-99<\/td>\n<td class=\"column-3\">01-99<\/td>\n<td class=\"column-4\">01-99<\/td>\n<\/tr>\n<tr class=\"row-8\">\n<td class=\"column-1\"><strong>Hedef ID Kapama<\/strong><\/td>\n<td class=\"column-2\">\u2714<\/td>\n<td class=\"column-3\">\u2714<\/td>\n<td class=\"column-4\">\u2714<\/td>\n<\/tr>\n<tr class=\"row-9\">\n<td class=\"column-1\"><strong>Hassasiyet Ayar\u0131<\/strong><\/td>\n<td class=\"column-2\">30 Seviye<\/td>\n<td class=\"column-3\">30 Seviye<\/td>\n<td class=\"column-4\">30 Seviye<\/td>\n<\/tr>\n<tr class=\"row-10\">\n<td class=\"column-1\"><strong>Ses<\/strong><\/td>\n<td class=\"column-2\">5 Seviye<\/td>\n<td class=\"column-3\">5 Seviye<\/td>\n<td class=\"column-4\">5 Seviye<\/td>\n<\/tr>\n<tr class=\"row-11\">\n<td class=\"column-1\"><strong>Zemin Ayar\u0131<\/strong><\/td>\n<td class=\"column-2\">Otomatik &amp; Manuel<\/td>\n<td class=\"column-3\">Otomatik &amp; Manuel<\/td>\n<td class=\"column-4\">Otomatik &amp; Manuel<\/td>\n<\/tr>\n<tr class=\"row-12\">\n<td class=\"column-1\"><strong>Titre\u015fim<\/strong><\/td>\n<td class=\"column-2\">\u2714<\/td>\n<td class=\"column-3\">\u2714<\/td>\n<td class=\"column-4\">\u2714<\/td>\n<\/tr>\n<tr class=\"row-13\">\n<td class=\"column-1\"><strong>Ekran Ayd\u0131nlatma<\/strong><\/td>\n<td class=\"column-2\">\u2714<\/td>\n<td class=\"column-3\">\u2714<\/td>\n<td class=\"column-4\">\u2714<\/td>\n<\/tr>\n<tr class=\"row-14\">\n<td class=\"column-1\"><strong>Tu\u015f Tak\u0131m\u0131 Arka Ayd\u0131nlatma<\/strong><\/td>\n<td class=\"column-2\">\u2714<\/td>\n<td class=\"column-3\">\u2714<\/td>\n<td class=\"column-4\">\u2714<\/td>\n<\/tr>\n<tr class=\"row-15\">\n<td class=\"column-1\"><strong>LED Fener<\/strong><\/td>\n<td class=\"column-2\">\u2714<\/td>\n<td class=\"column-3\">\u2714<\/td>\n<td class=\"column-4\">\u2714<\/td>\n<\/tr>\n<tr class=\"row-16\">\n<td class=\"column-1\"><strong>Frekans Kayd\u0131rma<\/strong><\/td>\n<td class=\"column-2\">\u2714<\/td>\n<td class=\"column-3\">\u2714<\/td>\n<td class=\"column-4\">\u2714<\/td>\n<\/tr>\n<tr class=\"row-17\">\n<td class=\"column-1\"><strong>Demir Kapama<\/strong><\/td>\n<td class=\"column-2\">\u2714<\/td>\n<td class=\"column-3\">\u2714<\/td>\n<td class=\"column-4\">\u2714<\/td>\n<\/tr>\n<tr class=\"row-18\">\n<td class=\"column-1\"><strong>Toprak Etkisi Giderici<\/strong><\/td>\n<td class=\"column-2\">\u2714<\/td>\n<td class=\"column-3\">\u2714<\/td>\n<td class=\"column-4\">\u2714<\/td>\n<\/tr>\n<tr class=\"row-19\">\n<td class=\"column-1\"><strong>E\u015fik Sesi (T\u00fcm Metaller)<\/strong><\/td>\n<td class=\"column-2\">\u2714<\/td>\n<td class=\"column-3\">\u2714<\/td>\n<td class=\"column-4\">\u2714<\/td>\n<\/tr>\n<tr class=\"row-20\">\n<td class=\"column-1\"><strong>Para\/Kal\u0131nt\u0131 ID Skalas\u0131<\/strong><\/td>\n<td class=\"column-2\">\u274c<\/td>\n<td class=\"column-3\">\u274c<\/td>\n<td class=\"column-4\">\u2714<\/td>\n<\/tr>\n<tr class=\"row-21\">\n<td class=\"column-1\"><strong>Hedef ID Derinlik Seviyesi<\/strong><\/td>\n<td class=\"column-2\">\u274c<\/td>\n<td class=\"column-3\">\u274c<\/td>\n<td class=\"column-4\">\u2714<\/td>\n<\/tr>\n<tr class=\"row-22\">\n<td class=\"column-1\"><strong>Alg\u0131lama H\u0131z\u0131<\/strong><\/td>\n<td class=\"column-2\">\u274c<\/td>\n<td class=\"column-3\">\u274c<\/td>\n<td class=\"column-4\">\u2714<\/td>\n<\/tr>\n<tr class=\"row-23\">\n<td class=\"column-1\"><strong>Ton De\u011fi\u015fim Noktas\u0131<\/strong><\/td>\n<td class=\"column-2\">\u274c<\/td>\n<td class=\"column-3\">\u274c<\/td>\n<td class=\"column-4\">\u2714<\/td>\n<\/tr>\n<tr class=\"row-24\">\n<td class=\"column-1\"><strong>Ton Frekans\u0131<\/strong><\/td>\n<td class=\"column-2\">\u274c<\/td>\n<td class=\"column-3\">\u274c<\/td>\n<td class=\"column-4\">\u2714<\/td>\n<\/tr>\n<tr class=\"row-25\">\n<td class=\"column-1\"><strong>Ton Ses Seviyesi<\/strong><\/td>\n<td class=\"column-2\">\u274c<\/td>\n<td class=\"column-3\">\u274c<\/td>\n<td class=\"column-4\">\u2714<\/td>\n<\/tr>\n<tr class=\"row-26\">\n<td class=\"column-1\"><strong>Yaz\u0131l\u0131m G\u00fcncelleme<\/strong><\/td>\n<td class=\"column-2\">\u2714<\/td>\n<td class=\"column-3\">\u2714<\/td>\n<td class=\"column-4\">\u2714<\/td>\n<\/tr>\n<tr class=\"row-27\">\n<td class=\"column-1\"><strong>Arama Ba\u015fl\u0131\u011f\u0131<\/strong><\/td>\n<td class=\"column-2\"><strong>LITE:<\/strong> Su Ge\u00e7irmez DD Arama Ba\u015fl\u0131\u011f\u0131 <strong>24&#215;15 cm (SX24)<\/strong><\/p>\n<p><strong>LITE SX28 Bobinli:<\/strong> Su Ge\u00e7irmez DD Arama Ba\u015fl\u0131\u011f\u0131 <strong>28 cm (SX28)<\/strong><\/td>\n<td class=\"column-3\">Su Ge\u00e7irmez DD Arama Ba\u015fl\u0131\u011f\u0131 <strong>28 cm (SX28)<\/strong><\/td>\n<td class=\"column-4\">Su Ge\u00e7irmez DD Arama Ba\u015fl\u0131\u011f\u0131 <strong>28 cm (SX28)<\/strong><\/td>\n<\/tr>\n<tr class=\"row-28\">\n<td class=\"column-1\"><strong>Arama Kolu<\/strong><\/td>\n<td class=\"column-2\">Al\u00fcminyum &amp; Plastik<\/td>\n<td class=\"column-3\">Al\u00fcminyum &amp; Karbon Fiber<\/td>\n<td class=\"column-4\">Tamam\u0131 Karbon Fiber<\/td>\n<\/tr>\n<tr class=\"row-29\">\n<td class=\"column-1\"><strong>Ekran<\/strong><\/td>\n<td class=\"column-2\">Grafik LCD<\/td>\n<td class=\"column-3\">Grafik LCD<\/td>\n<td class=\"column-4\">Grafik LCD<\/td>\n<\/tr>\n<tr class=\"row-30\">\n<td class=\"column-1\"><strong>A\u011f\u0131rl\u0131k<\/strong><\/td>\n<td class=\"column-2\">1.2kg<\/td>\n<td class=\"column-3\">1.2kg<\/td>\n<td class=\"column-4\">1.2kg<\/td>\n<\/tr>\n<tr class=\"row-31\">\n<td class=\"column-1\"><strong>Uzunluk<\/strong><\/td>\n<td class=\"column-2\">63 cm &#8211; 132 cm ayarlanabilir<\/td>\n<td class=\"column-3\">63 cm &#8211; 132 cm ayarlanabilir<\/td>\n<td class=\"column-4\">63 cm &#8211; 132 cm ayarlanabilir<\/td>\n<\/tr>\n<tr class=\"row-32\">\n<td class=\"column-1\"><strong>Batarya<\/strong><\/td>\n<td class=\"column-2\">2300mAh Lityum<\/td>\n<td class=\"column-3\">2300mAh Lityum<\/td>\n<td class=\"column-4\">2300mAh Lityum<\/td>\n<\/tr>\n<tr class=\"row-33\">\n<td class=\"column-1\"><b>Garanti<\/b><\/td>\n<td class=\"column-2\">3 Y\u0131l<\/td>\n<td class=\"column-3\">3 Y\u0131l<\/td>\n<td class=\"column-4\">3 Y\u0131l<\/td>\n<\/tr>\n<\/tbody>\n<\/table>\n<\/div>\n","protected":false},"excerpt":{"rendered":"<p>\u00dcST SEGMENT DEDEKT\u00d6R \u00d6ZELL\u0130KLER\u0130 VE DER\u0130NL\u0130\u011e\u0130N\u0130 D\u00dcNYADA EN UYGUN F\u0130YATA SUNAN DEDEKT\u00d6R!<\/p>\n","protected":false},"featured_media":593,"comment_status":"open","ping_status":"closed","template":"","meta":[],"product_brand":[49],"product_cat":[21,15,56,52,26],"product_tag":[69,65,63,68],"class_list":{"0":"post-724","1":"product","2":"type-product","3":"status-publish","4":"has-post-thumbnail","6":"product_brand-nokta","7":"product_cat-all","8":"product_cat-genel","9":"product_cat-nokta-urunleri","10":"product_cat-sualti","11":"product_cat-tekpara","12":"product_tag-ankadedektor","13":"product_tag-ankara-dedektor","14":"product_tag-dedektor","15":"product_tag-nokta-dedektor","17":"first","18":"instock","19":"taxable","20":"shipping-taxable","21":"purchasable","22":"product-type-simple"},"_links":{"self":[{"href":"https:\/\/ankadedektor.com\/index.php\/wp-json\/wp\/v2\/product\/724","targetHints":{"allow":["GET"]}}],"collection":[{"href":"https:\/\/ankadedektor.com\/index.php\/wp-json\/wp\/v2\/product"}],"about":[{"href":"https:\/\/ankadedektor.com\/index.php\/wp-json\/wp\/v2\/types\/product"}],"replies":[{"embeddable":true,"href":"https:\/\/ankadedektor.com\/index.php\/wp-json\/wp\/v2\/comments?post=724"}],"wp:featuredmedia":[{"embeddable":true,"href":"https:\/\/ankadedektor.com\/index.php\/wp-json\/wp\/v2\/media\/593"}],"wp:attachment":[{"href":"https:\/\/ankadedektor.com\/index.php\/wp-json\/wp\/v2\/media?parent=724"}],"wp:term":[{"taxonomy":"product_brand","embeddable":true,"href":"https:\/\/ankadedektor.com\/index.php\/wp-json\/wp\/v2\/product_brand?post=724"},{"taxonomy":"product_cat","embeddable":true,"href":"https:\/\/ankadedektor.com\/index.php\/wp-json\/wp\/v2\/product_cat?post=724"},{"taxonomy":"product_tag","embeddable":true,"href":"https:\/\/ankadedektor.com\/index.php\/wp-json\/wp\/v2\/product_tag?post=724"}],"curies":[{"name":"wp","href":"https:\/\/api.w.org\/{rel}","templated":true}]}}