{"id":720,"date":"2025-03-27T11:53:19","date_gmt":"2025-03-27T08:53:19","guid":{"rendered":"http:\/\/localhost\/anka_new\/?post_type=product&#038;p=720"},"modified":"2025-08-05T17:45:00","modified_gmt":"2025-08-05T14:45:00","slug":"pulsedive-scuba","status":"publish","type":"product","link":"https:\/\/ankadedektor.com\/index.php\/urun\/pulsedive-scuba\/","title":{"rendered":"PulseDive Scuba"},"content":{"rendered":"<p><img fetchpriority=\"high\" decoding=\"async\" class=\"alignnone size-full wp-image-488\" src=\"https:\/\/ankadedektor.com\/wp-content\/uploads\/2025\/03\/nokta-makro-pulsedive-scuba-mobile-banner.jpg.png\" alt=\"\" width=\"620\" height=\"450\" \/><\/p>\n<h3>B\u0130R SONRAK\u0130 SU ALTI MACERANIZ HAZ\u0130NE AVI OLSUN!<\/h3>\n<p>PulseDive Scuba Dedekt\u00f6r\u00fc, \u00fcst segment su alt\u0131 metal dedekt\u00f6rlerinin avantajlar\u0131n\u0131 \u00e7ok daha portatif boyutta ve \u00e7ok daha ucuza sunar.<\/p>\n<p>Hafif ve dayan\u0131kl\u0131d\u0131r. Ayr\u0131ca ses, LED \u0131\u015f\u0131k ve titre\u015fim ikazlar\u0131 vard\u0131r.<\/p>\n<hr \/>\n<ul class=\"det-icn\">\n<li><span class=\"nm-icn-txt\"><span class=\"det-icn-bslk\">Patentli Tasar\u0131m<\/span><br \/>\nBu yenilik\u00e7i tasar\u0131m, birka\u00e7 saniyede cihaz\u0131n Pinpointer&#8217;dan Scuba Dedekt\u00f6r\u00fcne veya tam tersine h\u0131zl\u0131 bir \u015fekilde d\u00f6n\u00fc\u015ft\u00fcr\u00fclmesini sa\u011flar.<\/span><\/li>\n<li><span class=\"nm-icn-txt\"><span class=\"det-icn-bslk\">IP68<\/span><br \/>\n60 metreye kadar su ge\u00e7irmez.<\/span><\/li>\n<li><span class=\"nm-icn-txt\"><span class=\"det-icn-bslk\">Pulse \u0130nd\u00fcksiyon<\/span><br \/>\nBu g\u00fc\u00e7l\u00fc teknoloji sayesinde cihaz tuzlu suda veya her t\u00fcrl\u00fc toprakta sorunsuz \u00e7al\u0131\u015f\u0131r.<\/span><\/li>\n<li><span class=\"nm-icn-txt\"><span class=\"det-icn-bslk\">Kablosuz Kulakl\u0131k Mod\u00fcl\u00fc<\/span><br \/>\nNokta Green Edition 2.4 GHz Kablosuz Kulakl\u0131k ile uyumlu.<\/span><\/li>\n<li><span class=\"nm-icn-txt\"><span class=\"det-icn-bslk\">Alg\u0131lama Bildirimleri ve G\u00f6stergeler<\/span><br \/>\n<strong>1.<\/strong> Sadece Ses <strong><br \/>\n2.<\/strong> Sadece Titre\u015fim <strong><br \/>\n3.<\/strong> Ses ve Titre\u015fim<br \/>\n<strong>Yukar\u0131daki herhangi birine ek olarak LED ile bildirim.<\/strong><\/span><\/li>\n<li><span class=\"nm-icn-txt\"><span class=\"det-icn-bslk\">Ayd\u0131nlatma LED&#8217;i<\/span><br \/>\nGece veya su alt\u0131nda arama yaparken hedefinizi kolayca g\u00f6r\u00fcn.<\/span><\/li>\n<li><span class=\"nm-icn-txt\"><span class=\"det-icn-bslk\">H\u0131zl\u0131 Reset<\/span><br \/>\nTek bir tu\u015f dokunu\u015fu ile cihaz\u0131n stabil \u015fekilde \u00e7al\u0131\u015fmas\u0131n\u0131 sa\u011flar.<\/span><\/li>\n<li><\/li>\n<li><span class=\"nm-icn-txt\"><span class=\"det-icn-bslk\">Dal\u0131\u015f Modu<\/span><br \/>\nDerin dal\u0131\u015f s\u0131ras\u0131nda tu\u015flar\u0131 kilitler ve su bas\u0131nc\u0131n\u0131n tu\u015flara bask\u0131 yapmas\u0131n\u0131 engelleyerek su alt\u0131nda kolay kullan\u0131m sa\u011flar.<\/span><\/li>\n<li><span class=\"nm-icn-txt\"><span class=\"det-icn-bslk\">Kay\u0131p Alarm\u0131<\/span><br \/>\n5 dakika hi\u00e7bir tu\u015fa dokunulmaz ve\/veya cihaz hi\u00e7bir hedef tespit etmezse, cihaz alarm verir ve ayd\u0131nlatma LED&#8217;i yan\u0131p s\u00f6ner.<\/span><\/li>\n<\/ul>\n","protected":false},"excerpt":{"rendered":"<p>B\u0130R SONRAK\u0130 SU ALTI MACERANIZ HAZ\u0130NE AVI OLSUN!<\/p>\n","protected":false},"featured_media":590,"comment_status":"open","ping_status":"closed","template":"","meta":[],"product_brand":[49],"product_cat":[21,15,56,52],"product_tag":[71,67,63,68],"class_list":{"0":"post-720","1":"product","2":"type-product","3":"status-publish","4":"has-post-thumbnail","6":"product_brand-nokta","7":"product_cat-all","8":"product_cat-genel","9":"product_cat-nokta-urunleri","10":"product_cat-sualti","11":"product_tag-anka-dedektor","12":"product_tag-baskent-dedektor","13":"product_tag-dedektor","14":"product_tag-nokta-dedektor","16":"first","17":"instock","18":"taxable","19":"shipping-taxable","20":"purchasable","21":"product-type-simple"},"_links":{"self":[{"href":"https:\/\/ankadedektor.com\/index.php\/wp-json\/wp\/v2\/product\/720","targetHints":{"allow":["GET"]}}],"collection":[{"href":"https:\/\/ankadedektor.com\/index.php\/wp-json\/wp\/v2\/product"}],"about":[{"href":"https:\/\/ankadedektor.com\/index.php\/wp-json\/wp\/v2\/types\/product"}],"replies":[{"embeddable":true,"href":"https:\/\/ankadedektor.com\/index.php\/wp-json\/wp\/v2\/comments?post=720"}],"wp:featuredmedia":[{"embeddable":true,"href":"https:\/\/ankadedektor.com\/index.php\/wp-json\/wp\/v2\/media\/590"}],"wp:attachment":[{"href":"https:\/\/ankadedektor.com\/index.php\/wp-json\/wp\/v2\/media?parent=720"}],"wp:term":[{"taxonomy":"product_brand","embeddable":true,"href":"https:\/\/ankadedektor.com\/index.php\/wp-json\/wp\/v2\/product_brand?post=720"},{"taxonomy":"product_cat","embeddable":true,"href":"https:\/\/ankadedektor.com\/index.php\/wp-json\/wp\/v2\/product_cat?post=720"},{"taxonomy":"product_tag","embeddable":true,"href":"https:\/\/ankadedektor.com\/index.php\/wp-json\/wp\/v2\/product_tag?post=720"}],"curies":[{"name":"wp","href":"https:\/\/api.w.org\/{rel}","templated":true}]}}