{"id":719,"date":"2025-03-27T11:53:01","date_gmt":"2025-03-27T08:53:01","guid":{"rendered":"http:\/\/localhost\/anka_new\/?post_type=product&#038;p=719"},"modified":"2025-08-05T17:44:44","modified_gmt":"2025-08-05T14:44:44","slug":"pulsedive-2si-1-arada-set","status":"publish","type":"product","link":"https:\/\/ankadedektor.com\/index.php\/urun\/pulsedive-2si-1-arada-set\/","title":{"rendered":"PulseDive 2&#8217;si 1 Arada Set"},"content":{"rendered":"<h3>DEDEKT\u00d6RLER\u0130N\u0130Z ARASINA EKLEYEB\u0130LECE\u011e\u0130N\u0130Z EN BENZERS\u0130Z \u00dcR\u00dcN!<\/h3>\n<h4>PULSEDIVE \u0130LE \u0130K\u0130S\u0130N\u0130 B\u0130R ARADA ALMAK VARKEN, NEDEN SCUBA DEDEKT\u00d6R\u00dcNE VE POINTER&#8217;A AYRI AYRI PARA \u00d6DEYES\u0130N\u0130Z?<\/h4>\n<p>\u0130ster profesyonel bir dalg\u0131\u00e7, ister tatilci, isterseniz de sadece karada veya su alt\u0131nda arama yapmay\u0131 seven bir dedekt\u00f6r kullan\u0131c\u0131s\u0131 olun, <b>PulseDive ikisi bir arada set<\/b> bu sene dedekt\u00f6rleriniz aras\u0131na ekleyebilece\u011finiz en benzersiz \u00fcr\u00fcn olacak!<\/p>\n<hr \/>\n<ul class=\"det-icn\">\n<li><span class=\"nm-icn-txt\"><span class=\"det-icn-bslk\">Patentli Tasar\u0131m<\/span><br \/>\nBu yenilik\u00e7i tasar\u0131m, birka\u00e7 saniyede cihaz\u0131n Pinpointer&#8217;dan Scuba Dedekt\u00f6r\u00fcne veya tam tersine h\u0131zl\u0131 bir \u015fekilde d\u00f6n\u00fc\u015ft\u00fcr\u00fclmesini sa\u011flar.<\/span><\/li>\n<li><span class=\"nm-icn-txt\"><span class=\"det-icn-bslk\">IP68<\/span><br \/>\n60 metreye kadar su ge\u00e7irmez.<\/span><\/li>\n<li><span class=\"nm-icn-txt\"><span class=\"det-icn-bslk\">Pulse \u0130nd\u00fcksiyon<\/span><br \/>\nBu g\u00fc\u00e7l\u00fc teknoloji sayesinde cihaz tuzlu suda veya her t\u00fcrl\u00fc toprakta sorunsuz \u00e7al\u0131\u015f\u0131r.<\/span><\/li>\n<\/ul>\n<hr \/>\n<div class=\"patented-design-banner-anim\"><img decoding=\"async\" data-src=\"https:\/\/www.noktadedektor.com\/wp-content\/uploads\/pulsedive\/pulsedive-set-animation.gif\" alt=\"PulseDive Scuba &amp; Pointer Dedekt\u00f6r\" width=\"900\" src=\"data:image\/svg+xml;base64,PHN2ZyB3aWR0aD0iMSIgaGVpZ2h0PSIxIiB4bWxucz0iaHR0cDovL3d3dy53My5vcmcvMjAwMC9zdmciPjwvc3ZnPg==\" class=\"lazyload\" \/><\/div>\n<div class=\"pd-text\"><b>PulseDive Scuba Dedekt\u00f6r\u00fcn\u00fc saniyeler i\u00e7inde Pinpointer&#8217;e d\u00f6n\u00fc\u015ft\u00fcr\u00fcn!<\/b><\/div>\n<hr \/>\n<ul class=\"det-icn\">\n<li><span class=\"nm-icn-txt\"><span class=\"det-icn-bslk\">Kablosuz Kulakl\u0131k Mod\u00fcl\u00fc<\/span><br \/>\nNokta Green Edition 2.4 GHz Kablosuz Kulakl\u0131k ile uyumlu.<\/span><\/li>\n<li><span class=\"nm-icn-txt\"><span class=\"det-icn-bslk\">Alg\u0131lama Bildirimleri ve G\u00f6stergeler<\/span><br \/>\n<b>1.<\/b> Sadece Ses <b><br \/>\n2.<\/b> Sadece Titre\u015fim <b><br \/>\n3.<\/b> Ses ve Titre\u015fim<br \/>\n<b>Yukar\u0131daki herhangi birine ek olarak LED ile bildirim.<\/b><\/span><\/li>\n<li><span class=\"nm-icn-txt\"><span class=\"det-icn-bslk\">Ayd\u0131nlatma LED&#8217;i<\/span><br \/>\nGece veya su alt\u0131nda arama yaparken hedefinizi kolayca g\u00f6r\u00fcn.<\/span><\/li>\n<\/ul>\n<hr \/>\n<p><img decoding=\"async\" data-src=\"https:\/\/www.noktadedektor.com\/wp-content\/uploads\/2019\/03\/pulsedive-scuba-at-the-beach.jpg\" alt=\"PulseDive Pointer Plajda\" width=\"900\" src=\"data:image\/svg+xml;base64,PHN2ZyB3aWR0aD0iMSIgaGVpZ2h0PSIxIiB4bWxucz0iaHR0cDovL3d3dy53My5vcmcvMjAwMC9zdmciPjwvc3ZnPg==\" class=\"lazyload\" \/><\/p>\n<hr \/>\n<ul class=\"det-icn\">\n<li><span class=\"nm-icn-txt\"><span class=\"det-icn-bslk\">H\u0131zl\u0131 Reset<\/span><br \/>\nTek bir tu\u015f dokunu\u015fu ile cihaz\u0131n stabil \u015fekilde \u00e7al\u0131\u015fmas\u0131n\u0131 sa\u011flar.<\/span><\/li>\n<li><span class=\"nm-icn-txt\"><span class=\"det-icn-bslk\">Dal\u0131\u015f Modu<\/span><br \/>\nDerin dal\u0131\u015f s\u0131ras\u0131nda tu\u015flar\u0131 kilitler ve su bas\u0131nc\u0131n\u0131n tu\u015flara bask\u0131 yapmas\u0131n\u0131 engelleyerek su alt\u0131nda kolay kullan\u0131m sa\u011flar.<\/span><\/li>\n<li><span class=\"nm-icn-txt\"><span class=\"det-icn-bslk\">Kay\u0131p Alarm\u0131<\/span><br \/>\n5 dakika hi\u00e7bir tu\u015fa dokunulmaz ve\/veya cihaz hi\u00e7bir hedef tespit etmezse, cihaz alarm verir ve ayd\u0131nlatma LED&#8217;i yan\u0131p s\u00f6ner.<\/span><\/li>\n<li><span class=\"nm-icn-txt\"><span class=\"det-icn-bslk\">De\u011fi\u015ftirilebilir Sert Koruma Kapa\u011f\u0131<\/span><br \/>\nDe\u011fi\u015ftirilebilir pointer arama ba\u015fl\u0131\u011f\u0131, a\u015f\u0131nmay\u0131 \u00f6nlemek i\u00e7in sert koruma kapa\u011f\u0131 ile birlikte gelir.<\/span><\/li>\n<\/ul>\n","protected":false},"excerpt":{"rendered":"<p>DEDEKT\u00d6RLER\u0130N\u0130Z ARASINA EKLEYEB\u0130LECE\u011e\u0130N\u0130Z EN BENZERS\u0130Z \u00dcR\u00dcN!<\/p>\n","protected":false},"featured_media":590,"comment_status":"open","ping_status":"closed","template":"","meta":[],"product_brand":[49],"product_cat":[21,15,56,52],"product_tag":[71,67,63,68],"class_list":{"0":"post-719","1":"product","2":"type-product","3":"status-publish","4":"has-post-thumbnail","6":"product_brand-nokta","7":"product_cat-all","8":"product_cat-genel","9":"product_cat-nokta-urunleri","10":"product_cat-sualti","11":"product_tag-anka-dedektor","12":"product_tag-baskent-dedektor","13":"product_tag-dedektor","14":"product_tag-nokta-dedektor","16":"first","17":"instock","18":"taxable","19":"shipping-taxable","20":"purchasable","21":"product-type-simple"},"_links":{"self":[{"href":"https:\/\/ankadedektor.com\/index.php\/wp-json\/wp\/v2\/product\/719","targetHints":{"allow":["GET"]}}],"collection":[{"href":"https:\/\/ankadedektor.com\/index.php\/wp-json\/wp\/v2\/product"}],"about":[{"href":"https:\/\/ankadedektor.com\/index.php\/wp-json\/wp\/v2\/types\/product"}],"replies":[{"embeddable":true,"href":"https:\/\/ankadedektor.com\/index.php\/wp-json\/wp\/v2\/comments?post=719"}],"wp:featuredmedia":[{"embeddable":true,"href":"https:\/\/ankadedektor.com\/index.php\/wp-json\/wp\/v2\/media\/590"}],"wp:attachment":[{"href":"https:\/\/ankadedektor.com\/index.php\/wp-json\/wp\/v2\/media?parent=719"}],"wp:term":[{"taxonomy":"product_brand","embeddable":true,"href":"https:\/\/ankadedektor.com\/index.php\/wp-json\/wp\/v2\/product_brand?post=719"},{"taxonomy":"product_cat","embeddable":true,"href":"https:\/\/ankadedektor.com\/index.php\/wp-json\/wp\/v2\/product_cat?post=719"},{"taxonomy":"product_tag","embeddable":true,"href":"https:\/\/ankadedektor.com\/index.php\/wp-json\/wp\/v2\/product_tag?post=719"}],"curies":[{"name":"wp","href":"https:\/\/api.w.org\/{rel}","templated":true}]}}