{"id":716,"date":"2025-03-27T11:03:52","date_gmt":"2025-03-27T08:03:52","guid":{"rendered":"http:\/\/localhost\/anka_new\/?post_type=product&#038;p=716"},"modified":"2025-10-14T22:06:47","modified_gmt":"2025-10-14T19:06:47","slug":"findx","status":"publish","type":"product","link":"https:\/\/ankadedektor.com\/index.php\/urun\/findx\/","title":{"rendered":"FINDX"},"content":{"rendered":"<h3>BA\u015eLANGI\u00c7 \u0130\u00c7\u0130N EN \u0130Y\u0130 SE\u00c7\u0130M<\/h3>\n<h4>KOLAY KULLANIM, G\u00dc\u00c7L\u00dc PERFORMANS \u0130LE \u0130\u00c7\u0130NDEK\u0130 MACERACI RUHU UYANDIRMAYA HAZIR!<\/h4>\n<p><strong>BA\u015eLANGI\u00c7 \u0130\u00c7\u0130N M\u00dcKEMMEL SE\u00c7\u0130M &amp; KOLAY KULLANIM<\/strong><\/p>\n<p>FINDX metal dedekt\u00f6r\u00fcn\u00fc ke\u015ffedin! Tam otomatik arama modlar\u0131 sayesinde, Arazi, Park ve Plaj gibi farkl\u0131 zeminler ve hedefler aras\u0131nda sorunsuz bir \u015fekilde ge\u00e7i\u015f yapabilirsiniz. A\u00e7 ve kullan tasar\u0131m\u0131 ve basit tek men\u00fc aray\u00fcz\u00fc ile FINDX, \u00e7e\u015fitli zeminlere uyum sa\u011flamay\u0131 ba\u015flang\u0131\u00e7 seviyesindekiler i\u00e7in bile kolayla\u015ft\u0131r\u0131r! Hedef ID \u00d6l\u00e7e\u011fi ve Hassasiyet ayarlar\u0131, yeni ba\u015flayanlardan profesyonellere, \u00e7ocuklardan yeti\u015fkinlere kadar herkes i\u00e7in kolayla\u015ft\u0131r\u0131lm\u0131\u015ft\u0131r.<\/p>\n<p><strong>FINDX: EKS\u0130KS\u0130Z METAL DEDEKT\u00d6R SET\u0130<\/strong><\/p>\n<p>FINDX Metal Dedekt\u00f6rleri, metal arama s\u0131ras\u0131nda ihtiyac\u0131n\u0131z olan her \u015feye sahiptir: Su ge\u00e7irmez DD 28 cm&#8217;lik Arama Bobini, Kulakl\u0131k, Premium Kaz\u0131c\u0131, Ta\u015f\u0131ma \u00c7antas\u0131. FINDX, tak\u0131lar, madeni paralar, kal\u0131nt\u0131lar, alt\u0131n ve g\u00fcm\u00fc\u015f gibi t\u00fcm de\u011ferli metalleri kolayca tespit eder. Hedef Merkezleme (Pinpoint) \u00f6zelli\u011fini kullanarak, hazineyi tam olarak bulup ona ula\u015fabilir, Derinlik G\u00f6stergesi ve Ses seviyesi ayarlar\u0131 ile de\u011ferli metalleri tespit etmeyi her zamankinden daha kolay hale getirir.<\/p>\n<p><img decoding=\"async\" data-src=\"https:\/\/www.noktadedektor.com\/wp-content\/uploads\/2024\/06\/nokta-findx-pro-banner-1.webp\" alt=\"Nokta FINDX PRO Dedekt\u00f6r - Banner 1\" src=\"data:image\/svg+xml;base64,PHN2ZyB3aWR0aD0iMSIgaGVpZ2h0PSIxIiB4bWxucz0iaHR0cDovL3d3dy53My5vcmcvMjAwMC9zdmciPjwvc3ZnPg==\" class=\"lazyload\" \/><\/p>\n<p><strong>UZUN \u00d6M\u00dcRL\u00dc \u015eARJ ED\u0130LEB\u0130L\u0130R L\u0130TYUM BATARYA<\/strong><\/p>\n<p>FINDX, fiyat-performans a\u00e7\u0131s\u0131ndan en iyi metal dedekt\u00f6r\u00fcd\u00fcr. USB \u015farj cihaz\u0131 veya power bank ile kolayca \u015farj edilebilir (\u015farj kablosu dahildir). FINDX, geleneksel pillerle \u00e7al\u0131\u015fan dedekt\u00f6rlerin ya\u015fad\u0131\u011f\u0131 pil t\u00fckenmesi ve at\u0131k sorunlar\u0131n\u0131 ortadan kald\u0131r\u0131r. Makinenizi zahmetsizce \u015farj ederek maliyet tasarrufu sa\u011flar ve daha uzun s\u00fcre arama yapabilirsiniz. Ortalama batarya \u00f6mr\u00fc 12 saattir, bu sayede di\u011fer dedekt\u00f6rlerde oldu\u011fu gibi yar\u0131 yolda kalmazs\u0131n\u0131z.<\/p>\n<p><strong>SU GE\u00c7\u0130RMEZ 28 CM&#8217;L\u0130K ARAMA BA\u015eLI\u011eI<\/strong><\/p>\n<p>FINDX\u2019in 28 cm\u2019lik su ge\u00e7irmez arama ba\u015fl\u0131\u011f\u0131 ve geli\u015fmi\u015f teknolojisi sayesinde, hem karada hem de suda aramalar yapmak i\u00e7in idealdir. G\u00fc\u00e7l\u00fc arama ba\u015fl\u0131\u011f\u0131, y\u00fcksek hassasiyet ve geli\u015ftirilmi\u015f su ge\u00e7irmezlik (IP68) sunarak zorlu ko\u015fullarda bile do\u011fru tespit sa\u011flar. Derinlik g\u00f6stergesi ile FINDX, kazmadan \u00f6nce hedeflerin ne kadar derinde oldu\u011funu size bildirir. Gizli hazineleri ke\u015ffetmeye haz\u0131r olun!<\/p>\n<p><strong>HAF\u0130F VE KOMPAKT<\/strong><\/p>\n<p>FINDX metal dedekt\u00f6r\u00fc sadece 1.2 kg a\u011f\u0131rl\u0131\u011f\u0131ndad\u0131r. Kolay ta\u015f\u0131nabilirlik ve su alt\u0131 kullan\u0131m\u0131 i\u00e7in orta borusu 63 cm\u2019e kadar k\u00fc\u00e7\u00fclebilir. Ayarlanabilir boyutu, \u00e7ocuklardan yeti\u015fkinlere kadar her ya\u015f grubuna uygundur.<\/p>\n<p><img fetchpriority=\"high\" decoding=\"async\" src=\"https:\/\/www.noktadedektor.com\/wp-content\/uploads\/2024\/06\/nokta-findx-banner-2.jpg\" alt=\"Nokta FINDX Dedekt\u00f6r - Banner 2\" width=\"900\" height=\"900\" \/><\/p>\n<p>&nbsp;<\/p>\n<p><img decoding=\"async\" data-src=\"https:\/\/www.noktadedektor.com\/wp-content\/uploads\/2024\/06\/nokta-findx-banner-3.jpg\" alt=\"Nokta FINDX Dedekt\u00f6r - Banner 3\" width=\"900\" height=\"900\" src=\"data:image\/svg+xml;base64,PHN2ZyB3aWR0aD0iMSIgaGVpZ2h0PSIxIiB4bWxucz0iaHR0cDovL3d3dy53My5vcmcvMjAwMC9zdmciPjwvc3ZnPg==\" class=\"lazyload\" style=\"--smush-placeholder-width: 900px; --smush-placeholder-aspect-ratio: 900\/900;\" \/><\/p>\n<p>&nbsp;<\/p>\n<p><img decoding=\"async\" data-src=\"https:\/\/www.noktadedektor.com\/wp-content\/uploads\/2024\/06\/nokta-findx-banner-4.jpg\" alt=\"Nokta FINDX Dedekt\u00f6r - Banner 4\" width=\"900\" height=\"900\" src=\"data:image\/svg+xml;base64,PHN2ZyB3aWR0aD0iMSIgaGVpZ2h0PSIxIiB4bWxucz0iaHR0cDovL3d3dy53My5vcmcvMjAwMC9zdmciPjwvc3ZnPg==\" class=\"lazyload\" style=\"--smush-placeholder-width: 900px; --smush-placeholder-aspect-ratio: 900\/900;\" \/><\/p>\n<p>&nbsp;<\/p>\n<p><img decoding=\"async\" data-src=\"https:\/\/www.noktadedektor.com\/wp-content\/uploads\/2024\/06\/nokta-findx-banner-5.jpg\" alt=\"Nokta FINDX Dedekt\u00f6r - Banner 5\" width=\"900\" height=\"900\" src=\"data:image\/svg+xml;base64,PHN2ZyB3aWR0aD0iMSIgaGVpZ2h0PSIxIiB4bWxucz0iaHR0cDovL3d3dy53My5vcmcvMjAwMC9zdmciPjwvc3ZnPg==\" class=\"lazyload\" style=\"--smush-placeholder-width: 900px; --smush-placeholder-aspect-ratio: 900\/900;\" \/><\/p>\n<div id=\"c_chart\">\n<h3>Kar\u015f\u0131la\u015ft\u0131rma Tablosu<\/h3>\n<table id=\"tablepress-168\" class=\"tablepress tablepress-id-168\">\n<tbody class=\"row-striping row-hover\">\n<tr class=\"row-1\">\n<td class=\"column-1\"><\/td>\n<td class=\"column-2\"><img decoding=\"async\" data-src=\"https:\/\/www.noktadedektor.com\/wp-content\/uploads\/2024\/06\/findx-pro-ekran.png\" alt=\"Nokta FINDX Pro\" src=\"data:image\/svg+xml;base64,PHN2ZyB3aWR0aD0iMSIgaGVpZ2h0PSIxIiB4bWxucz0iaHR0cDovL3d3dy53My5vcmcvMjAwMC9zdmciPjwvc3ZnPg==\" class=\"lazyload\" \/><\/td>\n<td class=\"column-3\"><img decoding=\"async\" data-src=\"https:\/\/www.noktadedektor.com\/wp-content\/uploads\/2024\/06\/findx-ekran.png\" alt=\"Nokta FINDX\" src=\"data:image\/svg+xml;base64,PHN2ZyB3aWR0aD0iMSIgaGVpZ2h0PSIxIiB4bWxucz0iaHR0cDovL3d3dy53My5vcmcvMjAwMC9zdmciPjwvc3ZnPg==\" class=\"lazyload\" \/><\/td>\n<\/tr>\n<tr class=\"row-2\">\n<td class=\"column-1\"><strong>\u00c7al\u0131\u015fma Frekans\u0131<\/strong><\/td>\n<td class=\"column-2\">15kHz<\/td>\n<td class=\"column-3\">15kHz<\/td>\n<\/tr>\n<tr class=\"row-3\">\n<td class=\"column-1\"><strong>Arama Modlar\u0131<\/strong><\/td>\n<td class=\"column-2\">Arazi, Park, Plaj, M\u00fccevher<\/td>\n<td class=\"column-3\">Arazi, Park, Plaj<\/td>\n<\/tr>\n<tr class=\"row-4\">\n<td class=\"column-1\"><strong>Su Ge\u00e7irmezlik<\/strong><\/td>\n<td class=\"column-2\">5 metreye kadar tamamen suya dayan\u0131kl\u0131<\/td>\n<td class=\"column-3\">1 metreye kadar su ge\u00e7irmez arama ba\u015fl\u0131\u011f\u0131<\/td>\n<\/tr>\n<tr class=\"row-5\">\n<td class=\"column-1\"><strong>Pinpoint<\/strong><\/td>\n<td class=\"column-2\">\u2714<\/td>\n<td class=\"column-3\">\u2714<\/td>\n<\/tr>\n<tr class=\"row-6\">\n<td class=\"column-1\"><strong>Hedef ID<\/strong><\/td>\n<td class=\"column-2\">0-99<\/td>\n<td class=\"column-3\">0-99<\/td>\n<\/tr>\n<tr class=\"row-7\">\n<td class=\"column-1\"><strong>Hedef ID Kapama<\/strong><\/td>\n<td class=\"column-2\">\u2714<\/td>\n<td class=\"column-3\">\u2714<\/td>\n<\/tr>\n<tr class=\"row-8\">\n<td class=\"column-1\"><strong>Hassasiyet Ayar\u0131<\/strong><\/td>\n<td class=\"column-2\">5 Kademe<\/td>\n<td class=\"column-3\">5 Kademe<\/td>\n<\/tr>\n<tr class=\"row-9\">\n<td class=\"column-1\"><strong>Ses<\/strong><\/td>\n<td class=\"column-2\">5 Kademe<\/td>\n<td class=\"column-3\">5 Kademe<\/td>\n<\/tr>\n<tr class=\"row-10\">\n<td class=\"column-1\"><strong>Ekran Ayd\u0131nlatma<\/strong><\/td>\n<td class=\"column-2\">\u2714<\/td>\n<td class=\"column-3\">\u2714<\/td>\n<\/tr>\n<tr class=\"row-11\">\n<td class=\"column-1\"><strong>Tu\u015f Tak\u0131m\u0131 Arka Ayd\u0131nlatma<\/strong><\/td>\n<td class=\"column-2\">\u2714<\/td>\n<td class=\"column-3\">\u2714<\/td>\n<\/tr>\n<tr class=\"row-12\">\n<td class=\"column-1\"><strong>Demir Kapama<\/strong><\/td>\n<td class=\"column-2\">\u2714<\/td>\n<td class=\"column-3\">\u2714<\/td>\n<\/tr>\n<tr class=\"row-13\">\n<td class=\"column-1\"><strong>E\u015fik Sesi(All Metal)<\/strong><\/td>\n<td class=\"column-2\">\u2714<\/td>\n<td class=\"column-3\">\u2714<\/td>\n<\/tr>\n<tr class=\"row-14\">\n<td class=\"column-1\"><strong>Arama Ba\u015fl\u0131\u011f\u0131<\/strong><\/td>\n<td class=\"column-2\">Su Ge\u00e7irmez DD Arama Ba\u015fl\u0131\u011f\u0131 <strong>28 cm (SX28)<\/strong><\/td>\n<td class=\"column-3\">Su Ge\u00e7irmez DD Arama Ba\u015fl\u0131\u011f\u0131 <strong>28 cm (FX28)<\/strong><\/td>\n<\/tr>\n<tr class=\"row-15\">\n<td class=\"column-1\"><strong>Arama Kolu<\/strong><\/td>\n<td class=\"column-2\">Al\u00fcminyum &amp; Plastik<\/td>\n<td class=\"column-3\">Al\u00fcminyum &amp; Plastik<\/td>\n<\/tr>\n<tr class=\"row-16\">\n<td class=\"column-1\"><strong>Ekran<\/strong><\/td>\n<td class=\"column-2\">Grafik LCD<\/td>\n<td class=\"column-3\">Grafik LCD<\/td>\n<\/tr>\n<tr class=\"row-17\">\n<td class=\"column-1\"><strong>A\u011f\u0131rl\u0131k<\/strong><\/td>\n<td class=\"column-2\">1.2kg<\/td>\n<td class=\"column-3\">1.2kg<\/td>\n<\/tr>\n<tr class=\"row-18\">\n<td class=\"column-1\"><strong>Uzunluk<\/strong><\/td>\n<td class=\"column-2\">63 cm &#8211; 132 cm ayarlanabilir<\/td>\n<td class=\"column-3\">63 cm &#8211; 132 cm ayarlanabilir<\/td>\n<\/tr>\n<tr class=\"row-19\">\n<td class=\"column-1\"><strong>Batarya<\/strong><\/td>\n<td class=\"column-2\">2300mAh Lityum<\/td>\n<td class=\"column-3\">2300mAh Lityum<\/td>\n<\/tr>\n<tr class=\"row-20\">\n<td class=\"column-1\"><strong>Garanti<\/strong><\/td>\n<td class=\"column-2\">2 Y\u0131l<\/td>\n<td class=\"column-3\">2 Y\u0131l<\/td>\n<\/tr>\n<\/tbody>\n<\/table>\n<\/div>\n","protected":false},"excerpt":{"rendered":"<p>FINDX metal dedekt\u00f6r\u00fcn\u00fc ke\u015ffedin! Tam otomatik arama modlar\u0131 sayesinde, Arazi, Park ve Plaj gibi farkl\u0131 zeminler ve hedefler aras\u0131nda sorunsuz bir \u015fekil&#8230;<\/p>\n","protected":false},"featured_media":600,"comment_status":"open","ping_status":"closed","template":"","meta":[],"product_brand":[49],"product_cat":[21,15,56,52,26],"product_tag":[71,65,67,68],"class_list":{"0":"post-716","1":"product","2":"type-product","3":"status-publish","4":"has-post-thumbnail","6":"product_brand-nokta","7":"product_cat-all","8":"product_cat-genel","9":"product_cat-nokta-urunleri","10":"product_cat-sualti","11":"product_cat-tekpara","12":"product_tag-anka-dedektor","13":"product_tag-ankara-dedektor","14":"product_tag-baskent-dedektor","15":"product_tag-nokta-dedektor","17":"first","18":"instock","19":"taxable","20":"shipping-taxable","21":"purchasable","22":"product-type-simple"},"_links":{"self":[{"href":"https:\/\/ankadedektor.com\/index.php\/wp-json\/wp\/v2\/product\/716","targetHints":{"allow":["GET"]}}],"collection":[{"href":"https:\/\/ankadedektor.com\/index.php\/wp-json\/wp\/v2\/product"}],"about":[{"href":"https:\/\/ankadedektor.com\/index.php\/wp-json\/wp\/v2\/types\/product"}],"replies":[{"embeddable":true,"href":"https:\/\/ankadedektor.com\/index.php\/wp-json\/wp\/v2\/comments?post=716"}],"wp:featuredmedia":[{"embeddable":true,"href":"https:\/\/ankadedektor.com\/index.php\/wp-json\/wp\/v2\/media\/600"}],"wp:attachment":[{"href":"https:\/\/ankadedektor.com\/index.php\/wp-json\/wp\/v2\/media?parent=716"}],"wp:term":[{"taxonomy":"product_brand","embeddable":true,"href":"https:\/\/ankadedektor.com\/index.php\/wp-json\/wp\/v2\/product_brand?post=716"},{"taxonomy":"product_cat","embeddable":true,"href":"https:\/\/ankadedektor.com\/index.php\/wp-json\/wp\/v2\/product_cat?post=716"},{"taxonomy":"product_tag","embeddable":true,"href":"https:\/\/ankadedektor.com\/index.php\/wp-json\/wp\/v2\/product_tag?post=716"}],"curies":[{"name":"wp","href":"https:\/\/api.w.org\/{rel}","templated":true}]}}