{"id":707,"date":"2025-03-26T22:32:20","date_gmt":"2025-03-26T19:32:20","guid":{"rendered":"http:\/\/localhost\/anka_new\/?post_type=product&#038;p=707"},"modified":"2025-08-05T17:29:32","modified_gmt":"2025-08-05T14:29:32","slug":"the-legend-dedektor","status":"publish","type":"product","link":"https:\/\/ankadedektor.com\/index.php\/urun\/the-legend-dedektor\/","title":{"rendered":"The Legend Dedekt\u00f6r"},"content":{"rendered":"<div class=\"flex_column_table av-equal-height-column-flextable\">\n<div class=\"flex_column av_one_half flex_column_table_cell av-equal-height-column av-align-top av-zero-column-padding first avia-builder-el-13 el_after_av_one_full el_before_av_one_half column-top-margin\">\n<div class=\"avia-image-container av-styling- avia-builder-el-14 el_before_av_codeblock avia-builder-el-first avia-align-center \">\n<div>\n<p><strong>\u00c7OKLU FREKANS \u0130\u00c7\u0130N OYUNU DE\u011e\u0130\u015eT\u0130R\u0130YOR\u2026<\/strong><\/p>\n<p><strong>DAHA AZI \u0130\u00c7\u0130N DAHA FAZLASINI \u00d6DEMEY\u0130 KABUL ETMEY\u0130N!<\/strong><\/p>\n<p>Nokta Dedekt\u00f6r\u2019\u00fcn ilk e\u015f zamanl\u0131 \u00e7oklu frekansl\u0131 metal dedekt\u00f6r\u00fc\u00a0<b>The LEGEND<\/b>, her t\u00fcrl\u00fc hedef ve zemine uyarlayabilece\u011finiz ve onu en iyi \u00e7ok ama\u00e7l\u0131 metal dedekt\u00f6r k\u0131lan \u00f6zelliklerle donat\u0131lm\u0131\u015ft\u0131r.<\/p>\n<p>Bu\u00a0<strong>\u201cefsanevi\u201d<\/strong>\u00a0metal dedekt\u00f6r\u00fc, d\u00fcnyaca \u00f6v\u00fclen sa\u011flam ve su ge\u00e7irmez tasar\u0131m\u0131 i\u00e7erisinde, en zor ko\u015fullarda bile benzersiz bir performans g\u00f6sterir ve sekt\u00f6rde yeni bir standart belirleyecek olan bir fiyatta gelir.<\/p>\n<p>At\u0131k metallerin oldu\u011fu sahalardaki derinli\u011fi ve geli\u015ftirilmi\u015f ayr\u0131m yetene\u011finin yan\u0131 s\u0131ra, plaj ve su alt\u0131ndaki sessiz ve stabil \u00e7al\u0131\u015fmas\u0131 ile hem karada hem de plajda arama yapan kullan\u0131c\u0131lar i\u00e7in \u00e7ok cezbedicidir.<\/p>\n<p><strong>The LEGEND<\/strong>\u00a0ayr\u0131ca, y\u00fcksek mineralli alt\u0131n sahalar\u0131nda k\u00fc\u00e7\u00fck alt\u0131n arayan kullan\u0131c\u0131lar i\u00e7in de uygun teknik \u00f6zelliklere de sahiptir.<\/p>\n<\/div>\n<div class=\"avia-image-container-inner\"><img fetchpriority=\"high\" decoding=\"async\" class=\"avia_image entered litespeed-loaded\" src=\"https:\/\/www.5bdedektor.com\/wp-content\/uploads\/nokta-makro-the-legend-dedektor-banner.jpg.webp\" alt=\"Nokta Makro The Legend Dedekt\u00f6r Banner\" width=\"900\" height=\"600\" data-lazyloaded=\"1\" data-placeholder-resp=\"900x600\" data-src=\"https:\/\/www.5bdedektor.com\/wp-content\/uploads\/nokta-makro-the-legend-dedektor-banner.jpg.webp\" data-ll-status=\"loaded\" \/><\/div>\n<\/div>\n<section class=\"avia_codeblock_section avia_code_block_1\">\n<div class=\"avia_codeblock \">\n<p class=\"detay-icon-su-gecirmez-ip-68 nm-icn turuncu\"><span class=\"icn-bslk\">IP68<\/span><\/p>\n<p>Her y\u00f6nden toz giri\u015fine kar\u015f\u0131 korumal\u0131 ve 3 metreye kadar su ge\u00e7irmez.<\/p>\n<p class=\"detay-icon-advanced-discrimination nm-icn yesil\"><span class=\"icn-bslk\">Geli\u015ftirilmi\u015f Ayr\u0131m Ayarlar\u0131<\/span><\/p>\n<p>T\u00fcm Metaller, Demiri Kapama, Zemin Etkisini Kapama, Ki\u015fiye \u00d6zel (Hedef ID kapama)<\/p>\n<p class=\"detay-icon-noise-cancellation nm-icn mavi\"><span class=\"icn-bslk\">Frekans Kayd\u0131rma &amp; G\u00fcr\u00fclt\u00fc Giderici<\/span><\/p>\n<p>Elektromanyetik parazitlerden kolayca kurtulun.<\/p>\n<p class=\"detay-icon-speed-setting nm-icn turuncu\"><span class=\"icn-bslk\">Metal Alg\u0131lama H\u0131z\u0131<\/span><\/p>\n<p>Hedef tespit h\u0131z\u0131n\u0131 ayarlayarak at\u0131k metaller i\u00e7erisinde k\u00fc\u00e7\u00fck hedefleri tespit edebilmenizi sa\u011flar.<\/p>\n<p class=\"detay-icon-harmonic-tones nm-icn yesil\"><span class=\"icn-bslk\">60 Hedef ID &amp; Armonik Ton<\/span><\/p>\n<p>Do\u011fru hedef ID&#8217;leri ve de\u011fi\u015ftirilebilir frekansl\u0131 armonik tonlar hedefleri kolayca tespit etmenizi sa\u011flar.<\/p>\n<\/div>\n<\/section>\n<div class=\"hr hr-custom hr-center hr-icon-no avia-builder-el-16 el_after_av_codeblock el_before_av_image \"><\/div>\n<div class=\"avia-image-container av-styling- avia-builder-el-17 el_after_av_hr avia-builder-el-last avia-align-center \">\n<div class=\"avia-image-container-inner\"><img decoding=\"async\" class=\"avia_image lazyload\" data-src=\"https:\/\/www.5bdedektor.com\/wp-content\/uploads\/nokta-makro-the-legend-lifestyle-3.jpg\" alt=\"Nokta Makro The Legend Dedekt\u00f6r Lifestyle 3\" src=\"data:image\/svg+xml;base64,PHN2ZyB3aWR0aD0iMSIgaGVpZ2h0PSIxIiB4bWxucz0iaHR0cDovL3d3dy53My5vcmcvMjAwMC9zdmciPjwvc3ZnPg==\" \/><\/div>\n<\/div>\n<\/div>\n<div class=\"av-flex-placeholder\"><\/div>\n<div class=\"flex_column av_one_half flex_column_table_cell av-equal-height-column av-align-top av-zero-column-padding avia-builder-el-18 el_after_av_one_half el_before_av_one_half column-top-margin\">\n<section class=\"av_textblock_section\">\n<div class=\"avia_textblock \">\n<p><img decoding=\"async\" class=\"avia_image entered litespeed-loaded\" src=\"https:\/\/www.5bdedektor.com\/wp-content\/uploads\/nokta-makro-the-legend-dedektor-banner-2.png\" alt=\"Nokta Makro The Legend Dedekt\u00f6r Banner 2\" width=\"752\" height=\"501\" data-lazyloaded=\"1\" data-placeholder-resp=\"900x600\" data-src=\"https:\/\/www.5bdedektor.com\/wp-content\/uploads\/nokta-makro-the-legend-dedektor-banner-2.png\" data-ll-status=\"loaded\" \/><\/p>\n<\/div>\n<\/section>\n<section class=\"avia_codeblock_section avia_code_block_2\">\n<div class=\"avia_codeblock \">\n<p class=\"detay-icon-titresim nm-icn mavi\"><span class=\"icn-bslk\">Titre\u015fim<\/span><\/p>\n<p><strong>The LEGEND<\/strong>\u00a0bir hedef buldu\u011funda titre\u015fim ile uyar\u0131r! Hem sualt\u0131 kullan\u0131m i\u00e7in hem de i\u015fitme engelli kullan\u0131c\u0131lar i\u00e7in ideal.<\/p>\n<p class=\"detay-icon-led-isik-ekran-aydinlatma nm-icn turuncu\"><span class=\"icn-bslk\">Arka Ayd\u0131nlatmal\u0131 LCD Ekran &amp; LED Fener<\/span><\/p>\n<p>Gece aramalar\u0131 i\u00e7in m\u00fckemmel bir \u00f6zellik!<\/p>\n<p class=\"detay-icon-adjustable-threshold nm-icn mavi\"><span class=\"icn-bslk\">Ayarlanabilir E\u015fik<\/span><\/p>\n<p>E\u015fik seviyesini ve frekans\u0131n\u0131 her modda ayarlaman\u0131za olanak tan\u0131r.<\/p>\n<p class=\"detay-icon-user nm-icn turuncu\"><span class=\"icn-bslk\">4 \u00d6zel Kullan\u0131c\u0131 Profili<\/span><\/p>\n<p>4 kullan\u0131c\u0131 profilinin her birinde ve her mod i\u00e7inde farkl\u0131 hedefler ve sahalar i\u00e7in favori ayarlar\u0131n\u0131z\u0131 ayr\u0131 ayr\u0131 kaydedebilir ve 16 farkl\u0131 dedekt\u00f6r ayar seti olu\u015fturabilirsiniz!<\/p>\n<p class=\"detay-icon-very-simple-operation nm-icn yesil\"><span class=\"icn-bslk\">Kolay Kullan\u0131m<\/span><\/p>\n<p>Zorlanmadan kullan\u0131labilece\u011finiz\u00a0<b>The LEGEND<\/b>, tecr\u00fcbeli kullan\u0131c\u0131lar i\u00e7in oldu\u011fu kadar yeni kullan\u0131c\u0131lar i\u00e7in de uygundur.<\/p>\n<\/div>\n<\/section>\n<div class=\"hr hr-custom hr-center hr-icon-no avia-builder-el-22 el_after_av_codeblock avia-builder-el-last \"><\/div>\n<\/div>\n<\/div>\n<div class=\"flex_column_table av-equal-height-column-flextable\">\n<div class=\"flex_column av_one_half flex_column_table_cell av-equal-height-column av-align-bottom av-zero-column-padding first avia-builder-el-23 el_after_av_one_half el_before_av_one_half column-top-margin\">\n<section class=\"avia_codeblock_section avia_code_block_3\">\n<div class=\"avia_codeblock \">\n<p class=\"detay-icon-hafif nm-icn yesil\"><span class=\"icn-bslk\">Hafif (1.4kg)<\/span><\/p>\n<p>Yorulmadan uzun saatler boyunca arama yapman\u0131n keyfini ya\u015fay\u0131n.<\/p>\n<p class=\"detay-icon-li-po-batarya nm-icn mavi\"><span class=\"icn-bslk\">Uzun Batarya \u00d6mr\u00fc<\/span><\/p>\n<p>USB \u015farj aleti veya powerbank ile kolayca \u015farj edin. 20 saate kadar kullan\u0131m sa\u011flar.<abbr title=\"Batarya s\u00fcresi kullan\u0131lan frekansa ve di\u011fer ayarlara g\u00f6re de\u011fi\u015fiklik g\u00f6sterir.\">*<\/abbr><\/p>\n<p class=\"detay-icon-internetten-yazilim-guncelleme nm-icn turuncu\"><span class=\"icn-bslk\">\u0130nternetten Yaz\u0131l\u0131m G\u00fcncelleme<\/span><\/p>\n<p>Dedekt\u00f6r\u00fcn\u00fcz\u00fc her zaman g\u00fcncel tutarak (USB ba\u011flant\u0131s\u0131 ile) en iyi performans\u0131 al\u0131n.<\/p>\n<\/div>\n<\/section>\n<\/div>\n<div class=\"av-flex-placeholder\"><\/div>\n<div class=\"flex_column av_one_half flex_column_table_cell av-equal-height-column av-align-bottom av-zero-column-padding avia-builder-el-25 el_after_av_one_half avia-builder-el-last column-top-margin\">\n<div class=\"avia-image-container av-styling- avia-builder-el-26 avia-builder-el-no-sibling avia-align-center \">\n<div class=\"avia-image-container-inner\"><img decoding=\"async\" class=\"avia_image lazyload\" data-src=\"https:\/\/www.5bdedektor.com\/wp-content\/uploads\/nokta-makro-the-legend-lifestyle-1.jpg\" alt=\"Nokta Makro The Legend Dedekt\u00f6r Lifestyle 1\" src=\"data:image\/svg+xml;base64,PHN2ZyB3aWR0aD0iMSIgaGVpZ2h0PSIxIiB4bWxucz0iaHR0cDovL3d3dy53My5vcmcvMjAwMC9zdmciPjwvc3ZnPg==\" \/><\/div>\n<\/div>\n<\/div>\n<\/div>\n","protected":false},"excerpt":{"rendered":"<p>\u00c7OKLU FREKANS \u0130\u00c7\u0130N OYUNU DE\u011e\u0130\u015eT\u0130R\u0130YOR\u2026<\/p>\n<p>Fiyat : 37.500 TL (WHP)<br \/>\nFiyat : 38.500 TL (YURT\u0130\u00c7\u0130 \u00d6ZEL)<\/p>\n<p>Fiyat : 38.500 TL (PRO)<\/p>\n<p>&nbsp;<\/p>\n","protected":false},"featured_media":595,"comment_status":"open","ping_status":"closed","template":"","meta":[],"product_brand":[49],"product_cat":[21,15,56,52,26],"product_tag":[71,65,63,68],"class_list":{"0":"post-707","1":"product","2":"type-product","3":"status-publish","4":"has-post-thumbnail","6":"product_brand-nokta","7":"product_cat-all","8":"product_cat-genel","9":"product_cat-nokta-urunleri","10":"product_cat-sualti","11":"product_cat-tekpara","12":"product_tag-anka-dedektor","13":"product_tag-ankara-dedektor","14":"product_tag-dedektor","15":"product_tag-nokta-dedektor","17":"first","18":"instock","19":"taxable","20":"shipping-taxable","21":"purchasable","22":"product-type-simple"},"_links":{"self":[{"href":"https:\/\/ankadedektor.com\/index.php\/wp-json\/wp\/v2\/product\/707","targetHints":{"allow":["GET"]}}],"collection":[{"href":"https:\/\/ankadedektor.com\/index.php\/wp-json\/wp\/v2\/product"}],"about":[{"href":"https:\/\/ankadedektor.com\/index.php\/wp-json\/wp\/v2\/types\/product"}],"replies":[{"embeddable":true,"href":"https:\/\/ankadedektor.com\/index.php\/wp-json\/wp\/v2\/comments?post=707"}],"wp:featuredmedia":[{"embeddable":true,"href":"https:\/\/ankadedektor.com\/index.php\/wp-json\/wp\/v2\/media\/595"}],"wp:attachment":[{"href":"https:\/\/ankadedektor.com\/index.php\/wp-json\/wp\/v2\/media?parent=707"}],"wp:term":[{"taxonomy":"product_brand","embeddable":true,"href":"https:\/\/ankadedektor.com\/index.php\/wp-json\/wp\/v2\/product_brand?post=707"},{"taxonomy":"product_cat","embeddable":true,"href":"https:\/\/ankadedektor.com\/index.php\/wp-json\/wp\/v2\/product_cat?post=707"},{"taxonomy":"product_tag","embeddable":true,"href":"https:\/\/ankadedektor.com\/index.php\/wp-json\/wp\/v2\/product_tag?post=707"}],"curies":[{"name":"wp","href":"https:\/\/api.w.org\/{rel}","templated":true}]}}