{"id":699,"date":"2025-03-26T21:48:41","date_gmt":"2025-03-26T18:48:41","guid":{"rendered":"http:\/\/localhost\/anka_new\/?post_type=product&#038;p=699"},"modified":"2025-08-05T17:44:04","modified_gmt":"2025-08-05T14:44:04","slug":"midi-hoard-dedektor","status":"publish","type":"product","link":"https:\/\/ankadedektor.com\/index.php\/urun\/midi-hoard-dedektor\/","title":{"rendered":"Midi Hoard Dedekt\u00f6r"},"content":{"rendered":"<div class=\"flex_column av_one_half flex_column_table_cell av-equal-height-column av-align-top av-zero-column-padding first avia-builder-el-13 el_after_av_one_full el_before_av_one_half column-top-margin\">\n<section class=\"av_textblock_section\">\n<div class=\"avia_textblock \">\n<h3>D\u00dcNYANIN \u0130LK SU GE\u00c7\u0130RMEZ \u00c7OCUK DEDEKT\u00d6R\u00dc!<\/h3>\n<h4>Gelece\u011fin gen\u00e7 hazine avc\u0131lar\u0131 i\u00e7in\u2026<\/h4>\n<p>En sevdiklerimiz\u2026\u00a0<strong>\u00e7ocuklar!<\/strong><br \/>\nTeknolojiye ba\u011f\u0131ml\u0131\u2026 ve do\u011fadan kopar\u0131lm\u0131\u015f\u2026 biz anne babalar, onlar\u0131 d\u0131\u015far\u0131 \u00e7\u0131kmalar\u0131, ke\u015ffetmeleri ve oynamalar\u0131 i\u00e7in cesaretlendirmeye,\u00a0<strong>onlara ge\u00e7mi\u015fi \u00f6\u011fretmeye \u00e7al\u0131\u015f\u0131r\u0131z.<\/strong><br \/>\nAma bazen umudumuzu kaybederiz\u2026<br \/>\n<strong>D\u00fcnyan\u0131n ilk su ge\u00e7irmez \u00e7ocuk dedekt\u00f6r serisini gururla sunar\u0131z.<\/strong><\/p>\n<\/div>\n<\/section>\n<div class=\"avia-image-container av-styling- avia-builder-el-15 el_after_av_textblock el_before_av_textblock avia-align-center \">\n<div class=\"avia-image-container-inner\"><img fetchpriority=\"high\" decoding=\"async\" class=\"avia_image entered litespeed-loaded\" src=\"https:\/\/www.5bdedektor.com\/wp-content\/uploads\/mini-midi-hoard-eglenceli-yol.jpg.webp\" alt=\"\u00c7ocuklar\u0131 metal dedekt\u00f6rleri ile tan\u0131\u015ft\u0131rman\u0131n en e\u011flenceli yolu...\" width=\"820\" height=\"400\" data-lazyloaded=\"1\" data-placeholder-resp=\"820x400\" data-src=\"https:\/\/www.5bdedektor.com\/wp-content\/uploads\/mini-midi-hoard-eglenceli-yol.jpg.webp\" data-ll-status=\"loaded\" \/><\/div>\n<\/div>\n<section class=\"av_textblock_section\">\n<div class=\"avia_textblock \">\n<p>\u00c7ocuklar\u0131 metal dedekt\u00f6rleri ile tan\u0131\u015ft\u0131rman\u0131n en e\u011flenceli yolu\u2026<\/p>\n<\/div>\n<\/section>\n<div class=\"avia-image-container av-styling- avia-builder-el-17 el_after_av_textblock el_before_av_textblock avia-align-center \">\n<div class=\"avia-image-container-inner\"><img decoding=\"async\" class=\"avia_image entered litespeed-loaded\" src=\"https:\/\/www.5bdedektor.com\/wp-content\/uploads\/mini-midi-hoard-hobi.jpg.webp\" alt=\"Kalabal\u0131klardan uzak zevk alabilecekleri bir hobi\u2026\" width=\"820\" height=\"400\" data-lazyloaded=\"1\" data-placeholder-resp=\"820x400\" data-src=\"https:\/\/www.5bdedektor.com\/wp-content\/uploads\/mini-midi-hoard-hobi.jpg.webp\" data-ll-status=\"loaded\" \/><\/div>\n<\/div>\n<section class=\"av_textblock_section\">\n<div class=\"avia_textblock \">\n<p>Kalabal\u0131klardan uzak zevk alabilecekleri bir hobi\u2026 ve geriye \u00f6deyebilen tek hobi! Bazen y\u00fczlerine kocaman bir g\u00fcl\u00fcc\u00fck kondurarak\u2026 bazen de \u00e7ok daha fazlas\u0131yla!<\/p>\n<\/div>\n<\/section>\n<div class=\"avia-image-container av-styling- avia-builder-el-19 el_after_av_textblock el_before_av_textblock avia-align-center \">\n<div class=\"avia-image-container-inner\"><img decoding=\"async\" class=\"avia_image entered litespeed-loaded\" src=\"https:\/\/www.5bdedektor.com\/wp-content\/uploads\/mini-midi-hoard-kasif.jpg.webp\" alt=\"\u00c7ocu\u011funuzun i\u00e7indeki ka\u015fifi ortaya \u00e7\u0131kar\u0131n... kendi hazinelerini bulduklar\u0131 zamanki heyecanlar\u0131n\u0131 g\u00f6r\u00fcn...\" width=\"820\" height=\"400\" data-lazyloaded=\"1\" data-placeholder-resp=\"820x400\" data-src=\"https:\/\/www.5bdedektor.com\/wp-content\/uploads\/mini-midi-hoard-kasif.jpg.webp\" data-ll-status=\"loaded\" \/><\/div>\n<\/div>\n<section class=\"av_textblock_section\">\n<div class=\"avia_textblock \">\n<p>\u00c7ocu\u011funuzun i\u00e7indeki ka\u015fifi ortaya \u00e7\u0131kar\u0131n\u2026 kendi hazinelerini bulduklar\u0131 zamanki heyecanlar\u0131n\u0131 g\u00f6r\u00fcn\u2026<\/p>\n<\/div>\n<\/section>\n<div class=\"hr hr-custom hr-center hr-icon-no avia-builder-el-21 el_after_av_textblock el_before_av_codeblock \"><\/div>\n<section class=\"avia_codeblock_section avia_code_block_1\">\n<div class=\"avia_codeblock \">\n<p class=\"detay-icon-su-gecirmez-ip-68 nm-icn turuncu\"><span class=\"icn-bslk\">IP68<\/span><\/p>\n<p>1 Metre&#8217;ye kadar su ge\u00e7irmez.<\/p>\n<p class=\"detay-icon-teleskopik nm-icn yesil\"><span class=\"icn-bslk\">Teleskopik Boru<\/span><\/p>\n<p>Arama kolu 83 Cm&#8217;e kadar k\u00fc\u00e7\u00fclebilir. Kolayca saklama ve ta\u015f\u0131ma imkan\u0131 sunar.<\/p>\n<p class=\"detay-icon-hafif nm-icn mavi\"><span class=\"icn-bslk\">Hafif (880g.)<\/span><\/p>\n<p>Kolay kullan\u0131ml\u0131\u2026 hafif ve kompakt!<\/p>\n<\/div>\n<\/section>\n<\/div>\n<div class=\"av-flex-placeholder\"><\/div>\n<div class=\"flex_column av_one_half flex_column_table_cell av-equal-height-column av-align-top av-zero-column-padding avia-builder-el-23 el_after_av_one_half avia-builder-el-last column-top-margin\">\n<section class=\"av_textblock_section\">\n<div class=\"avia_textblock \">\n<p><strong>\u00c7ocuk dostu tasar\u0131mla birle\u015ftirilmi\u015f etkileyici kalite.<\/strong><\/p>\n<\/div>\n<\/section>\n<div class=\"avia-image-container av-styling- avia-builder-el-25 el_after_av_textblock el_before_av_textblock avia-align-center \">\n<div class=\"avia-image-container-inner\"><img loading=\"lazy\" decoding=\"async\" class=\"avia_image entered litespeed-loaded\" src=\"https:\/\/www.5bdedektor.com\/wp-content\/uploads\/midi-hoard-ekran.png.webp\" alt=\"\u00c7ocuk dostu tasar\u0131mla birle\u015ftirilmi\u015f etkileyici kalite.\" width=\"600\" height=\"400\" data-lazyloaded=\"1\" data-placeholder-resp=\"600x400\" data-src=\"https:\/\/www.5bdedektor.com\/wp-content\/uploads\/midi-hoard-ekran.png.webp\" data-ll-status=\"loaded\" \/><\/div>\n<\/div>\n<section class=\"av_textblock_section\">\n<div class=\"avia_textblock \">\n<p>Bulur, metali ay\u0131r\u0131r ve pinpoint yapar\u2026 t\u0131pk\u0131 bir yeti\u015fkin dedekt\u00f6r\u00fc gibi!<\/p>\n<\/div>\n<\/section>\n<div class=\"avia-image-container av-styling- avia-builder-el-27 el_after_av_textblock el_before_av_textblock avia-align-center \">\n<div class=\"avia-image-container-inner\"><img loading=\"lazy\" decoding=\"async\" class=\"avia_image entered litespeed-loaded\" src=\"https:\/\/www.5bdedektor.com\/wp-content\/uploads\/mini-midi-hoard-aile-hatiralari.jpg.webp\" alt=\"Aile hat\u0131ralar\u0131 in\u015fa etmek i\u00e7in hobinizi \u00e7ocuklar\u0131n\u0131zla payla\u015f\u0131n.\" width=\"820\" height=\"400\" data-lazyloaded=\"1\" data-placeholder-resp=\"820x400\" data-src=\"https:\/\/www.5bdedektor.com\/wp-content\/uploads\/mini-midi-hoard-aile-hatiralari.jpg.webp\" data-ll-status=\"loaded\" \/><\/div>\n<\/div>\n<section class=\"av_textblock_section\">\n<div class=\"avia_textblock \">\n<p>Aile hat\u0131ralar\u0131 in\u015fa etmek i\u00e7in hobinizi \u00e7ocuklar\u0131n\u0131zla payla\u015f\u0131n.<\/p>\n<\/div>\n<\/section>\n<div class=\"avia-image-container av-styling- avia-builder-el-29 el_after_av_textblock el_before_av_textblock avia-align-center \">\n<div class=\"avia-image-container-inner\"><img loading=\"lazy\" decoding=\"async\" class=\"avia_image entered litespeed-loaded\" src=\"https:\/\/www.5bdedektor.com\/wp-content\/uploads\/mini-midi-hoard-cocuk-logo.png.webp\" alt=\"B\u0131rak\u0131n kap\u0131lar\u0131n\u0131n hemen d\u0131\u015f\u0131ndaki, macera, deneyim ve ke\u015ffetmenin heyecan\u0131 ile dolu olan bir d\u00fcnyay\u0131 ke\u015ffetsinler!\" width=\"300\" height=\"259\" data-lazyloaded=\"1\" data-placeholder-resp=\"300x259\" data-src=\"https:\/\/www.5bdedektor.com\/wp-content\/uploads\/mini-midi-hoard-cocuk-logo.png.webp\" data-ll-status=\"loaded\" \/><\/div>\n<\/div>\n<section class=\"av_textblock_section\">\n<div class=\"avia_textblock \">\n<p>B\u0131rak\u0131n kap\u0131lar\u0131n\u0131n hemen d\u0131\u015f\u0131ndaki, macera, deneyim ve ke\u015ffetmenin heyecan\u0131 ile dolu olan bir d\u00fcnyay\u0131 ke\u015ffetsinler!<\/p>\n<\/div>\n<\/section>\n<div class=\"avia-image-container av-styling- avia-builder-el-31 el_after_av_textblock avia-builder-el-last avia-align-center \">\n<div class=\"avia-image-container-inner\"><img loading=\"lazy\" decoding=\"async\" class=\"avia_image entered litespeed-loaded\" src=\"https:\/\/www.5bdedektor.com\/wp-content\/uploads\/midi-hoard-teknik-ozellikler.png.webp\" alt=\"Midi Hoard Teknik \u00d6zellikler\" width=\"1080\" height=\"924\" data-lazyloaded=\"1\" data-placeholder-resp=\"1080x924\" data-src=\"https:\/\/www.5bdedektor.com\/wp-content\/uploads\/midi-hoard-teknik-ozellikler.png.webp\" data-ll-status=\"loaded\" \/><\/div>\n<\/div>\n<\/div>\n","protected":false},"excerpt":{"rendered":"<p>D\u00dcNYANIN \u0130LK SU GE\u00c7\u0130RMEZ \u00c7OCUK DEDEKT\u00d6R\u00dc! Gelece\u011fin gen\u00e7 hazine avc\u0131lar\u0131 i\u00e7in\u2026 En sevdiklerimiz\u2026\u00a0\u00e7ocuklar! Teknolojiye ba\u011f\u0131ml\u0131\u2026 ve do\u011fadan kopar\u0131lm\u0131\u015f\u2026 biz anne babalar, onlar\u0131 d\u0131\u015far\u0131 \u00e7\u0131kmalar\u0131, ke\u015ffetmeleri ve oynamalar\u0131 i\u00e7in cesaretlendirmeye,\u00a0onlara ge\u00e7mi\u015fi \u00f6\u011fretmeye \u00e7al\u0131\u015f\u0131r\u0131z. Ama bazen umudumuzu kaybederiz\u2026 D\u00fcnyan\u0131n ilk su ge\u00e7irmez \u00e7ocuk dedekt\u00f6r serisini gururla sunar\u0131z. \u00c7ocuklar\u0131 metal dedekt\u00f6rleri ile tan\u0131\u015ft\u0131rman\u0131n en e\u011flenceli yolu\u2026 Kalabal\u0131klardan uzak [&hellip;]<\/p>\n","protected":false},"featured_media":610,"comment_status":"open","ping_status":"closed","template":"","meta":[],"product_brand":[49],"product_cat":[21,53,15,56],"product_tag":[65,63,68],"class_list":{"0":"post-699","1":"product","2":"type-product","3":"status-publish","4":"has-post-thumbnail","6":"product_brand-nokta","7":"product_cat-all","8":"product_cat-cocuk","9":"product_cat-genel","10":"product_cat-nokta-urunleri","11":"product_tag-ankara-dedektor","12":"product_tag-dedektor","13":"product_tag-nokta-dedektor","15":"first","16":"instock","17":"taxable","18":"shipping-taxable","19":"purchasable","20":"product-type-simple"},"_links":{"self":[{"href":"https:\/\/ankadedektor.com\/index.php\/wp-json\/wp\/v2\/product\/699","targetHints":{"allow":["GET"]}}],"collection":[{"href":"https:\/\/ankadedektor.com\/index.php\/wp-json\/wp\/v2\/product"}],"about":[{"href":"https:\/\/ankadedektor.com\/index.php\/wp-json\/wp\/v2\/types\/product"}],"replies":[{"embeddable":true,"href":"https:\/\/ankadedektor.com\/index.php\/wp-json\/wp\/v2\/comments?post=699"}],"wp:featuredmedia":[{"embeddable":true,"href":"https:\/\/ankadedektor.com\/index.php\/wp-json\/wp\/v2\/media\/610"}],"wp:attachment":[{"href":"https:\/\/ankadedektor.com\/index.php\/wp-json\/wp\/v2\/media?parent=699"}],"wp:term":[{"taxonomy":"product_brand","embeddable":true,"href":"https:\/\/ankadedektor.com\/index.php\/wp-json\/wp\/v2\/product_brand?post=699"},{"taxonomy":"product_cat","embeddable":true,"href":"https:\/\/ankadedektor.com\/index.php\/wp-json\/wp\/v2\/product_cat?post=699"},{"taxonomy":"product_tag","embeddable":true,"href":"https:\/\/ankadedektor.com\/index.php\/wp-json\/wp\/v2\/product_tag?post=699"}],"curies":[{"name":"wp","href":"https:\/\/api.w.org\/{rel}","templated":true}]}}