{"id":666,"date":"2025-03-26T10:58:17","date_gmt":"2025-03-26T07:58:17","guid":{"rendered":"http:\/\/localhost\/anka_new\/?post_type=product&#038;p=666"},"modified":"2025-03-28T12:53:23","modified_gmt":"2025-03-28T09:53:23","slug":"model-6-alan-tarama-cubuklari","status":"publish","type":"product","link":"https:\/\/ankadedektor.com\/index.php\/urun\/model-6-alan-tarama-cubuklari\/","title":{"rendered":"Model-6 Alan Tarama \u00c7ubuklar\u0131"},"content":{"rendered":"<ul>\n<li>Vucuttaki s\u0131cak enerjiye g\u00f6re de\u011ferlendirilir tek alyansta topra\u011f\u0131n 1 metre alt\u0131nda ayn\u0131 tepkeyi verir.<\/li>\n<li>1 Metre ile 10 Metre derinlik 1500 metre karede alan tarar \u00a0hedefe geldi\u011finde kendi ekseninde d\u00f6ner. Arad\u0131\u011f\u0131n\u0131z nesneyi hasnenin i\u00e7ine koyman\u0131z yeterlidir.<\/li>\n<li>\u00a0\u00c7ubuklar her kan grubunda kullan\u0131l\u0131r rulmanl\u0131 \u00e7ubuklarla hedefe hassas ayar yap\u0131l\u0131r.<\/li>\n<\/ul>\n","protected":false},"excerpt":{"rendered":"<p>ARADI\u011eINIZ MADEN\u0130 EL\u0130N\u0130Z \u0130LE KOYMU\u015e G\u0130B\u0130 BULUN<\/p>\n","protected":false},"featured_media":667,"comment_status":"open","ping_status":"closed","template":"","meta":[],"product_brand":[],"product_cat":[57,21,15],"product_tag":[62,65,67,66,68],"class_list":{"0":"post-666","1":"product","2":"type-product","3":"status-publish","4":"has-post-thumbnail","6":"product_cat-alantara","7":"product_cat-all","8":"product_cat-genel","9":"product_tag-alan-tarama","10":"product_tag-ankara-dedektor","11":"product_tag-baskent-dedektor","12":"product_tag-dedektorcu","13":"product_tag-nokta-dedektor","15":"first","16":"instock","17":"taxable","18":"shipping-taxable","19":"purchasable","20":"product-type-simple"},"_links":{"self":[{"href":"https:\/\/ankadedektor.com\/index.php\/wp-json\/wp\/v2\/product\/666","targetHints":{"allow":["GET"]}}],"collection":[{"href":"https:\/\/ankadedektor.com\/index.php\/wp-json\/wp\/v2\/product"}],"about":[{"href":"https:\/\/ankadedektor.com\/index.php\/wp-json\/wp\/v2\/types\/product"}],"replies":[{"embeddable":true,"href":"https:\/\/ankadedektor.com\/index.php\/wp-json\/wp\/v2\/comments?post=666"}],"wp:featuredmedia":[{"embeddable":true,"href":"https:\/\/ankadedektor.com\/index.php\/wp-json\/wp\/v2\/media\/667"}],"wp:attachment":[{"href":"https:\/\/ankadedektor.com\/index.php\/wp-json\/wp\/v2\/media?parent=666"}],"wp:term":[{"taxonomy":"product_brand","embeddable":true,"href":"https:\/\/ankadedektor.com\/index.php\/wp-json\/wp\/v2\/product_brand?post=666"},{"taxonomy":"product_cat","embeddable":true,"href":"https:\/\/ankadedektor.com\/index.php\/wp-json\/wp\/v2\/product_cat?post=666"},{"taxonomy":"product_tag","embeddable":true,"href":"https:\/\/ankadedektor.com\/index.php\/wp-json\/wp\/v2\/product_tag?post=666"}],"curies":[{"name":"wp","href":"https:\/\/api.w.org\/{rel}","templated":true}]}}