{"id":655,"date":"2025-03-26T10:31:33","date_gmt":"2025-03-26T07:31:33","guid":{"rendered":"http:\/\/localhost\/anka_new\/?post_type=product&#038;p=655"},"modified":"2025-03-28T12:54:51","modified_gmt":"2025-03-28T09:54:51","slug":"model-15-alan-tarama-cihazi","status":"publish","type":"product","link":"https:\/\/ankadedektor.com\/index.php\/urun\/model-15-alan-tarama-cihazi\/","title":{"rendered":"Model-15 Alan Tarama Cihaz\u0131"},"content":{"rendered":"<p>Alan tarama cihaz\u0131m\u0131z haznesiz, 5 modlu olup, Alt\u0131n, G\u00fcm\u00fc\u015f, Bronz, De\u011ferli ta\u015flar ve bo\u015fluk bulmaktad\u0131r.<\/p>\n<p>Model 15 Krom Alan Tarama Cihaz\u0131m\u0131z \u00dczerinde \u0130stedi\u011finiz Modlar\u0131 Ayarlayarak Bulaca\u011f\u0131n\u0131z \u00dcr\u00fcnlere Sizi Y\u00f6nlendirmektedir.<\/p>\n<p>Cihaz\u0131m\u0131z\u0131n Manyetik Alan ve Toprak alt\u0131ndaki \u0130yonla\u015fm\u0131\u015f , Oksitle\u015fmi\u015f Metalleri ve Bo\u015fluklar\u0131 Yakalar.<\/p>\n<p>Bu Cihaz\u0131m\u0131z\u0131 Uzun y\u0131llar S\u00fcren Ar-Ge \u00c7al\u0131\u015fmalar\u0131m\u0131z bir eseri Olarak Piyasaya S\u00fcrmekteyiz.<\/p>\n<p>25 Metre Derinli\u011fe Kadar En \u00dcst\u00fcn Sonu\u00e7lar\u0131 Vermektedir.<\/p>\n<p>850 Metreye Kadar Arazi Taramas\u0131 Ger\u00e7ekle\u015ftirir.<\/p>\n","protected":false},"excerpt":{"rendered":"<p>Alan tarama cihaz\u0131m\u0131z haznesiz, 5 modlu olup, Alt\u0131n, G\u00fcm\u00fc\u015f, Bronz, De\u011ferli ta\u015flar ve bo\u015fluk bulmaktad\u0131r.<\/p>\n","protected":false},"featured_media":656,"comment_status":"open","ping_status":"closed","template":"","meta":[],"product_brand":[],"product_cat":[57],"product_tag":[62,65,67,63,66,68],"class_list":{"0":"post-655","1":"product","2":"type-product","3":"status-publish","4":"has-post-thumbnail","6":"product_cat-alantara","7":"product_tag-alan-tarama","8":"product_tag-ankara-dedektor","9":"product_tag-baskent-dedektor","10":"product_tag-dedektor","11":"product_tag-dedektorcu","12":"product_tag-nokta-dedektor","14":"first","15":"instock","16":"taxable","17":"shipping-taxable","18":"purchasable","19":"product-type-simple"},"_links":{"self":[{"href":"https:\/\/ankadedektor.com\/index.php\/wp-json\/wp\/v2\/product\/655","targetHints":{"allow":["GET"]}}],"collection":[{"href":"https:\/\/ankadedektor.com\/index.php\/wp-json\/wp\/v2\/product"}],"about":[{"href":"https:\/\/ankadedektor.com\/index.php\/wp-json\/wp\/v2\/types\/product"}],"replies":[{"embeddable":true,"href":"https:\/\/ankadedektor.com\/index.php\/wp-json\/wp\/v2\/comments?post=655"}],"wp:featuredmedia":[{"embeddable":true,"href":"https:\/\/ankadedektor.com\/index.php\/wp-json\/wp\/v2\/media\/656"}],"wp:attachment":[{"href":"https:\/\/ankadedektor.com\/index.php\/wp-json\/wp\/v2\/media?parent=655"}],"wp:term":[{"taxonomy":"product_brand","embeddable":true,"href":"https:\/\/ankadedektor.com\/index.php\/wp-json\/wp\/v2\/product_brand?post=655"},{"taxonomy":"product_cat","embeddable":true,"href":"https:\/\/ankadedektor.com\/index.php\/wp-json\/wp\/v2\/product_cat?post=655"},{"taxonomy":"product_tag","embeddable":true,"href":"https:\/\/ankadedektor.com\/index.php\/wp-json\/wp\/v2\/product_tag?post=655"}],"curies":[{"name":"wp","href":"https:\/\/api.w.org\/{rel}","templated":true}]}}