{"id":647,"date":"2025-03-26T10:11:10","date_gmt":"2025-03-26T07:11:10","guid":{"rendered":"http:\/\/localhost\/anka_new\/?post_type=product&#038;p=647"},"modified":"2025-03-28T12:56:27","modified_gmt":"2025-03-28T09:56:27","slug":"biotara-alan-tarama","status":"publish","type":"product","link":"https:\/\/ankadedektor.com\/index.php\/urun\/biotara-alan-tarama\/","title":{"rendered":"Biotara Alan Tarama"},"content":{"rendered":"<p>Daha \u00f6nce hi\u00e7 kimsenin ula\u015famad\u0131\u011f\u0131 derinlikleri ke\u015ffetmeye haz\u0131r m\u0131s\u0131n\u0131z? \u0130nsan ge\u00e7mi\u015ften bu g\u00fcne yeralt\u0131nda bulunan kendisi i\u00e7in gerekli ve de\u011ferli olan her t\u00fcrl\u00fc madeni arama ve de\u011ferlendirme ihtiyac\u0131 hissetmi\u015ftir.<\/p>\n<p>\u0130htiya\u00e7; bazen ya\u015fam i\u00e7in gerekli su ve su kaynaklar\u0131, bazen uygarl\u0131klar\u0131n geli\u015fmesini ve zenginle\u015fmesini sa\u011flayan alt\u0131n, g\u00fcm\u00fc\u015f, bak\u0131r, bronz gibi madenler, bazen de de\u011ferli ta\u015flar olmu\u015ftur. \u0130htiya\u00e7lar, insano\u011flunun zamanla y\u00f6ntemler geli\u015ftirmesine zemin haz\u0131rlam\u0131\u015ft\u0131r. Bu y\u00f6ntemlerden en eskisi; a\u011fa\u00e7 dallar\u0131 ve \u00e7ubuklarla yeralt\u0131nda bulunan define, maden, de\u011ferli ta\u015flar ve su kaynaklar\u0131n\u0131 aramak ve tespit etmektir.<\/p>\n<p>Her d\u00f6nem ve devirde ba\u015far\u0131l\u0131 olan bu y\u00f6ntem zaman i\u00e7inde geli\u015fti. G\u00fcn\u00fcm\u00fczde geli\u015fmi\u015f antenler, elektronik devre ve yaz\u0131l\u0131mlar ile g\u00fc\u00e7lendirilmi\u015f elektromanyetik alg\u0131lama yapan sistemler \u00e7ubuklar\u0131n ve a\u011fa\u00e7 dallar\u0131n\u0131n yerini alm\u0131\u015ft\u0131r. Bu y\u00f6ntemin i\u015flevselli\u011fi ve ba\u015far\u0131s\u0131ndaki en \u00f6nemli sebep yeralt\u0131nda bulunan de\u011ferli madenlerin (alt\u0131n, g\u00fcm\u00fc\u015f, bak\u0131r, bronz, de\u011ferli ta\u015flar), suyun ve gazlar\u0131n \u015fiddetli olarak yayd\u0131\u011f\u0131 frekanslard\u0131r. Do\u011fadaki maddelerin kimliklerini olu\u015fturan \u015fey olu\u015fturduklar\u0131 manyetik alan ve yayd\u0131klar\u0131 frekanslard\u0131r. Yayd\u0131klar\u0131 frekanslar toprak alt\u0131nda kalm\u0131\u015f de\u011ferli madenlerin, definelerin, ma\u011fara, mahzen ve t\u00fcnel gibi bo\u015fluklar\u0131n, geli\u015fmi\u015f antenli, elektromanyetik alg\u0131lama yapan sistemler taraf\u0131ndan tespit edilmesini sa\u011flamaktad\u0131r.<\/p>\n<p>Toprak alt\u0131nda kalan nesnelerin, toprak alt\u0131nda kal\u0131\u015f s\u00fcreleri artt\u0131k\u00e7a yayd\u0131klar\u0131 frekanslar\u0131n etkinli\u011fi ve g\u00fcc\u00fcde artmaktad\u0131r. Bu sayede elektromanyetik alg\u0131lama yapan sistemlerin bu nesneleri tespit etmeleri \u00e7ok daha kolay hale gelmektedir. Boyutlar\u0131na ba\u011fl\u0131 olarak uzun s\u00fcre toprak alt\u0131nda kalan defineleri geli\u015fmi\u015f antenli sistemlerle tespit etmek m\u00fcmk\u00fcn olabilmektedir. Alan Tarama sistemleri (Long Range Locator) ad\u0131 verilen bu geli\u015fmi\u015f sistemler yard\u0131m\u0131 ile su ve maden yataklar\u0131n\u0131n metrelerce derinliklerden tespit edilmesi m\u00fcmk\u00fcn olmu\u015ftur.<\/p>\n<p>Elektromanyetik alg\u0131lama sistemlerinde d\u00fcnyan\u0131n en iyi alan taramas\u0131n\u0131 \u00fcreten \u0130lke Dedekt\u00f6r, konusunda uzun y\u0131llara dayanan bilgi birikimi ve uzun y\u0131llar devam eden ara\u015ft\u0131rma geli\u015ftirme \u00e7al\u0131\u015fmalar\u0131 sonucunda, t\u00fcketicilerin ihtiyac\u0131n\u0131 tam olarak kar\u015f\u0131layan nitelikte bir Alan Tarama sistemi geli\u015ftirmi\u015ftir. \u201cBIOTARA Bionic System\u201d ad\u0131 verilen ve d\u00fcnya pazar\u0131na sunulan bu \u00e7ok geli\u015fmi\u015f elektromanyetik sistem sekt\u00f6rdeki beklentinin tam kar\u015f\u0131l\u0131\u011f\u0131 olmu\u015ftur. Bu sistemin \u00e7al\u0131\u015fma prensibini; V\u00fccuttan al\u0131nan statik enerjiyi, elektronik bir sistemle g\u00fc\u00e7lendirip hedefin yayd\u0131\u011f\u0131 frekanslar\u0131n saptanarak geli\u015fmi\u015f bir yaz\u0131l\u0131mla de\u011ferlendirilmesi olarak tan\u0131mlayabiliriz.<\/p>\n<p>\u00d6zenle tasarlanan bu geli\u015fmi\u015f sistem, kullan\u0131c\u0131lar\u0131n en iyi performans\u0131 almalar\u0131 i\u00e7in tasarlanm\u0131\u015ft\u0131r. BIOTARA alan tarama ama\u00e7l\u0131 \u00fcretilmi\u015f, olduk\u00e7a etkili bir elektromanyetik alg\u0131lama ve tespit cihaz\u0131d\u0131r. BIOTARA gerek mesafe olarak gerekse de g\u00fc\u00e7l\u00fc alg\u0131lama yetene\u011fi sayesinde kullan\u0131c\u0131lar\u0131n vazge\u00e7emeyece\u011fi \u00f6nemli bir yard\u0131mc\u0131 sistem olarak kendinden s\u00f6z ettirebilecek m\u00fckemmel bir dedekt\u00f6rd\u00fcr.<\/p>\n<p>Kullan\u0131c\u0131lar unutmamal\u0131d\u0131r ki; BIOTARA ile aramalar yap\u0131l\u0131rken tespit edilen hedeflerin teyidi maksatl\u0131 mutlaka g\u00fc\u00e7l\u00fc bir dedekt\u00f6rle kontrol\u00fc gerekmektedir. Bilindi\u011fi gibi alan taramalar metal ayr\u0131m \u00f6zelli\u011fine sahip olmamakla birlikte yer alt\u0131ndaki alt\u0131n, g\u00fcm\u00fc\u015f ve benzeri k\u0131ymetli nesneleri tespit edebildi\u011fi gibi, ayn\u0131 etkilere sahip madenler ve di\u011fer manyetik etkiler de sistemler taraf\u0131ndan alg\u0131lanmaktad\u0131r. Dolay\u0131s\u0131yla kesin te\u015fhis i\u00e7in mutlaka derin ve \u00f6zellikli bir dedekt\u00f6rle teyit edilmesinin \u00f6nemini bir kere daha hat\u0131rlatm\u0131\u015f olal\u0131m.<\/p>\n","protected":false},"excerpt":{"rendered":"<p>Uzak Mesafe Alan Tarama<\/p>\n","protected":false},"featured_media":648,"comment_status":"open","ping_status":"closed","template":"","meta":[],"product_brand":[],"product_cat":[57],"product_tag":[],"class_list":{"0":"post-647","1":"product","2":"type-product","3":"status-publish","4":"has-post-thumbnail","6":"product_cat-alantara","8":"first","9":"instock","10":"taxable","11":"shipping-taxable","12":"purchasable","13":"product-type-simple"},"_links":{"self":[{"href":"https:\/\/ankadedektor.com\/index.php\/wp-json\/wp\/v2\/product\/647","targetHints":{"allow":["GET"]}}],"collection":[{"href":"https:\/\/ankadedektor.com\/index.php\/wp-json\/wp\/v2\/product"}],"about":[{"href":"https:\/\/ankadedektor.com\/index.php\/wp-json\/wp\/v2\/types\/product"}],"replies":[{"embeddable":true,"href":"https:\/\/ankadedektor.com\/index.php\/wp-json\/wp\/v2\/comments?post=647"}],"wp:featuredmedia":[{"embeddable":true,"href":"https:\/\/ankadedektor.com\/index.php\/wp-json\/wp\/v2\/media\/648"}],"wp:attachment":[{"href":"https:\/\/ankadedektor.com\/index.php\/wp-json\/wp\/v2\/media?parent=647"}],"wp:term":[{"taxonomy":"product_brand","embeddable":true,"href":"https:\/\/ankadedektor.com\/index.php\/wp-json\/wp\/v2\/product_brand?post=647"},{"taxonomy":"product_cat","embeddable":true,"href":"https:\/\/ankadedektor.com\/index.php\/wp-json\/wp\/v2\/product_cat?post=647"},{"taxonomy":"product_tag","embeddable":true,"href":"https:\/\/ankadedektor.com\/index.php\/wp-json\/wp\/v2\/product_tag?post=647"}],"curies":[{"name":"wp","href":"https:\/\/api.w.org\/{rel}","templated":true}]}}